{"id":2877,"date":"2020-02-12T14:25:51","date_gmt":"2020-02-12T13:25:51","guid":{"rendered":"https:\/\/solidarites.ch\/geneve\/?page_id=2877"},"modified":"2026-04-14T12:11:17","modified_gmt":"2026-04-14T10:11:17","slug":"qui-sommes-nous","status":"publish","type":"page","link":"https:\/\/solidarites.ch\/geneve\/qui-sommes-nous\/","title":{"rendered":"Qui sommes-nous ?"},"content":{"rendered":"\n<p><strong>solidarit\u00e9S est un mouvement politique anticapitaliste, f\u00e9ministe et \u00e9cosocialiste actif notamment \u00e0 Gen\u00e8ve, Vaud, Neuch\u00e2tel et&nbsp;Fribourg.<\/strong><\/p>\n\n\n\n<p><strong>Nous publions le bimensuel de 16&nbsp;pages <em>solidarit\u00e9S<\/em>, qui relate l\u2019actualit\u00e9 locale et internationale.&nbsp;<\/strong><\/p>\n\n\n\n<p><strong>Nous participons \u00e0 des coalitions \u00e9lectorales qui regroupent plusieurs forces \u00e0&nbsp;gauche du Parti socialiste et&nbsp;des Vert\u00b7e\u00b7s.<\/strong><\/p>\n\n\n\n<p><strong>Nos positions sont d\u00e9velopp\u00e9es dans ces diff\u00e9rents textes:<\/strong><\/p>\n\n\n\n<ul class=\"wp-block-list\"><li><strong><a href=\"https:\/\/www.solidarites.ch\/resolution-ecosocialiste\/\">R\u00e9solution \u00e9cosocialiste<\/a><\/strong> (2018)<\/li><li><strong><a href=\"https:\/\/www.solidarites.ch\/pour-un-feminisme-du-21supe-sup-siecle-en-lien-avec-les-luttes-demancipation-sociale\/\">Pour un f\u00e9minisme du 21<sup>e<\/sup> si\u00e8cle en lien avec les luttes d\u2019\u00e9mancipation sociale<\/a><\/strong> (2016)<\/li><li><strong><a href=\"https:\/\/www.solidarites.ch\/un-mouvement-anticapitaliste-feministe-et-ecologiste-pour-le-socialisme-du-21supe-sup-siecle\/\">Un mouvement anticapitaliste, f\u00e9ministe et \u00e9cologiste pour le socialisme du 21<sup>e<\/sup>&nbsp;si\u00e8cle<\/a><\/strong> (2009)<\/li><li><strong><a href=\"https:\/\/www.solidarites.ch\/plateforme-de-solidarites\/\">Plateforme de solidarit\u00e9S<\/a><\/strong> (1997)<\/li><\/ul>\n\n\n\n<p><strong>Rejoignez\u2013nous!<\/strong><\/p>\n","protected":false},"excerpt":{"rendered":"<p>solidarit\u00e9S est un mouvement politique anticapitaliste, f\u00e9ministe et \u00e9cosocialiste actif notamment \u00e0 Gen\u00e8ve, Vaud, Neuch\u00e2tel et&nbsp;Fribourg. Nous publions le bimensuel de 16&nbsp;pages solidarit\u00e9S, qui relate l\u2019actualit\u00e9 locale et internationale.&nbsp; Nous participons \u00e0 des coalitions \u00e9lectorales qui regroupent plusieurs forces \u00e0&nbsp;gauche du Parti socialiste et&nbsp;des Vert\u00b7e\u00b7s. Nos positions sont d\u00e9velopp\u00e9es dans ces diff\u00e9rents textes: R\u00e9solution \u00e9cosocialiste &hellip; <a href=\"https:\/\/solidarites.ch\/geneve\/qui-sommes-nous\/\">Continued<\/a><\/p>\n","protected":false},"author":7,"featured_media":0,"parent":0,"menu_order":0,"comment_status":"closed","ping_status":"closed","template":"","meta":{"_acf_changed":false,"_monsterinsights_skip_tracking":false,"_monsterinsights_sitenote_active":false,"_monsterinsights_sitenote_note":"","_monsterinsights_sitenote_category":0,"footnotes":""},"class_list":["post-2877","page","type-page","status-publish","hentry"],"acf":[],"yoast_head":"<!-- This site is optimized with the Yoast SEO plugin v27.4 - https:\/\/yoast.com\/product\/yoast-seo-wordpress\/ -->\n<title>Qui sommes-nous ? - solidarit\u00e9S Gen\u00e8ve<\/title>\n<meta name=\"robots\" content=\"index, follow, max-snippet:-1, max-image-preview:large, max-video-preview:-1\" \/>\n<link rel=\"canonical\" href=\"https:\/\/solidarites.ch\/geneve\/qui-sommes-nous\/\" \/>\n<meta property=\"og:locale\" content=\"fr_FR\" \/>\n<meta property=\"og:type\" content=\"article\" \/>\n<meta property=\"og:title\" content=\"Qui sommes-nous ? - solidarit\u00e9S Gen\u00e8ve\" \/>\n<meta property=\"og:description\" content=\"solidarit\u00e9S est un mouvement politique anticapitaliste, f\u00e9ministe et \u00e9cosocialiste actif notamment \u00e0 Gen\u00e8ve, Vaud, Neuch\u00e2tel et&nbsp;Fribourg. Nous publions le bimensuel de 16&nbsp;pages solidarit\u00e9S, qui relate l\u2019actualit\u00e9 locale et internationale.&nbsp; Nous participons \u00e0 des coalitions \u00e9lectorales qui regroupent plusieurs forces \u00e0&nbsp;gauche du Parti socialiste et&nbsp;des Vert\u00b7e\u00b7s. Nos positions sont d\u00e9velopp\u00e9es dans ces diff\u00e9rents textes: R\u00e9solution \u00e9cosocialiste &hellip; Continued\" \/>\n<meta property=\"og:url\" content=\"https:\/\/solidarites.ch\/geneve\/qui-sommes-nous\/\" \/>\n<meta property=\"og:site_name\" content=\"solidarit\u00e9S Gen\u00e8ve\" \/>\n<meta property=\"article:modified_time\" content=\"2026-04-14T10:11:17+00:00\" \/>\n<meta name=\"twitter:card\" content=\"summary_large_image\" \/>\n<meta name=\"twitter:label1\" content=\"Dur\u00e9e de lecture estim\u00e9e\" \/>\n\t<meta name=\"twitter:data1\" content=\"1 minute\" \/>\n<script type=\"application\/ld+json\" class=\"yoast-schema-graph\">{\"@context\":\"https:\\\/\\\/schema.org\",\"@graph\":[{\"@type\":\"WebPage\",\"@id\":\"https:\\\/\\\/solidarites.ch\\\/geneve\\\/qui-sommes-nous\\\/\",\"url\":\"https:\\\/\\\/solidarites.ch\\\/geneve\\\/qui-sommes-nous\\\/\",\"name\":\"Qui sommes-nous ? - solidarit\u00e9S Gen\u00e8ve\",\"isPartOf\":{\"@id\":\"https:\\\/\\\/solidarites.ch\\\/geneve\\\/#website\"},\"datePublished\":\"2020-02-12T13:25:51+00:00\",\"dateModified\":\"2026-04-14T10:11:17+00:00\",\"breadcrumb\":{\"@id\":\"https:\\\/\\\/solidarites.ch\\\/geneve\\\/qui-sommes-nous\\\/#breadcrumb\"},\"inLanguage\":\"fr-FR\",\"potentialAction\":[{\"@type\":\"ReadAction\",\"target\":[\"https:\\\/\\\/solidarites.ch\\\/geneve\\\/qui-sommes-nous\\\/\"]}]},{\"@type\":\"BreadcrumbList\",\"@id\":\"https:\\\/\\\/solidarites.ch\\\/geneve\\\/qui-sommes-nous\\\/#breadcrumb\",\"itemListElement\":[{\"@type\":\"ListItem\",\"position\":1,\"name\":\"Accueil\",\"item\":\"https:\\\/\\\/solidarites.ch\\\/geneve\\\/\"},{\"@type\":\"ListItem\",\"position\":2,\"name\":\"Qui sommes-nous ?\"}]},{\"@type\":\"WebSite\",\"@id\":\"https:\\\/\\\/solidarites.ch\\\/geneve\\\/#website\",\"url\":\"https:\\\/\\\/solidarites.ch\\\/geneve\\\/\",\"name\":\"solidarit\u00e9S Gen\u00e8ve\",\"description\":\"Un mouvement &lt;br&gt;anticapitaliste, &lt;br&gt;f\u00e9ministe, &lt;br&gt;\u00e9cosocialiste\",\"potentialAction\":[{\"@type\":\"SearchAction\",\"target\":{\"@type\":\"EntryPoint\",\"urlTemplate\":\"https:\\\/\\\/solidarites.ch\\\/geneve\\\/?s={search_term_string}\"},\"query-input\":{\"@type\":\"PropertyValueSpecification\",\"valueRequired\":true,\"valueName\":\"search_term_string\"}}],\"inLanguage\":\"fr-FR\"}]}<\/script>\n<!-- \/ Yoast SEO plugin. -->","yoast_head_json":{"title":"Qui sommes-nous ? - solidarit\u00e9S Gen\u00e8ve","robots":{"index":"index","follow":"follow","max-snippet":"max-snippet:-1","max-image-preview":"max-image-preview:large","max-video-preview":"max-video-preview:-1"},"canonical":"https:\/\/solidarites.ch\/geneve\/qui-sommes-nous\/","og_locale":"fr_FR","og_type":"article","og_title":"Qui sommes-nous ? - solidarit\u00e9S Gen\u00e8ve","og_description":"solidarit\u00e9S est un mouvement politique anticapitaliste, f\u00e9ministe et \u00e9cosocialiste actif notamment \u00e0 Gen\u00e8ve, Vaud, Neuch\u00e2tel et&nbsp;Fribourg. Nous publions le bimensuel de 16&nbsp;pages solidarit\u00e9S, qui relate l\u2019actualit\u00e9 locale et internationale.&nbsp; Nous participons \u00e0 des coalitions \u00e9lectorales qui regroupent plusieurs forces \u00e0&nbsp;gauche du Parti socialiste et&nbsp;des Vert\u00b7e\u00b7s. Nos positions sont d\u00e9velopp\u00e9es dans ces diff\u00e9rents textes: R\u00e9solution \u00e9cosocialiste &hellip; Continued","og_url":"https:\/\/solidarites.ch\/geneve\/qui-sommes-nous\/","og_site_name":"solidarit\u00e9S Gen\u00e8ve","article_modified_time":"2026-04-14T10:11:17+00:00","twitter_card":"summary_large_image","twitter_misc":{"Dur\u00e9e de lecture estim\u00e9e":"1 minute"},"schema":{"@context":"https:\/\/schema.org","@graph":[{"@type":"WebPage","@id":"https:\/\/solidarites.ch\/geneve\/qui-sommes-nous\/","url":"https:\/\/solidarites.ch\/geneve\/qui-sommes-nous\/","name":"Qui sommes-nous ? - solidarit\u00e9S Gen\u00e8ve","isPartOf":{"@id":"https:\/\/solidarites.ch\/geneve\/#website"},"datePublished":"2020-02-12T13:25:51+00:00","dateModified":"2026-04-14T10:11:17+00:00","breadcrumb":{"@id":"https:\/\/solidarites.ch\/geneve\/qui-sommes-nous\/#breadcrumb"},"inLanguage":"fr-FR","potentialAction":[{"@type":"ReadAction","target":["https:\/\/solidarites.ch\/geneve\/qui-sommes-nous\/"]}]},{"@type":"BreadcrumbList","@id":"https:\/\/solidarites.ch\/geneve\/qui-sommes-nous\/#breadcrumb","itemListElement":[{"@type":"ListItem","position":1,"name":"Accueil","item":"https:\/\/solidarites.ch\/geneve\/"},{"@type":"ListItem","position":2,"name":"Qui sommes-nous ?"}]},{"@type":"WebSite","@id":"https:\/\/solidarites.ch\/geneve\/#website","url":"https:\/\/solidarites.ch\/geneve\/","name":"solidarit\u00e9S Gen\u00e8ve","description":"Un mouvement &lt;br&gt;anticapitaliste, &lt;br&gt;f\u00e9ministe, &lt;br&gt;\u00e9cosocialiste","potentialAction":[{"@type":"SearchAction","target":{"@type":"EntryPoint","urlTemplate":"https:\/\/solidarites.ch\/geneve\/?s={search_term_string}"},"query-input":{"@type":"PropertyValueSpecification","valueRequired":true,"valueName":"search_term_string"}}],"inLanguage":"fr-FR"}]}},"distributor_meta":false,"distributor_terms":false,"distributor_media":false,"distributor_original_site_name":"solidarit\u00e9S Gen\u00e8ve","distributor_original_site_url":"https:\/\/solidarites.ch\/geneve","push-errors":false,"_links":{"self":[{"href":"https:\/\/solidarites.ch\/geneve\/wp-json\/wp\/v2\/pages\/2877","targetHints":{"allow":["GET"]}}],"collection":[{"href":"https:\/\/solidarites.ch\/geneve\/wp-json\/wp\/v2\/pages"}],"about":[{"href":"https:\/\/solidarites.ch\/geneve\/wp-json\/wp\/v2\/types\/page"}],"author":[{"embeddable":true,"href":"https:\/\/solidarites.ch\/geneve\/wp-json\/wp\/v2\/users\/7"}],"replies":[{"embeddable":true,"href":"https:\/\/solidarites.ch\/geneve\/wp-json\/wp\/v2\/comments?post=2877"}],"version-history":[{"count":11,"href":"https:\/\/solidarites.ch\/geneve\/wp-json\/wp\/v2\/pages\/2877\/revisions"}],"predecessor-version":[{"id":4555,"href":"https:\/\/solidarites.ch\/geneve\/wp-json\/wp\/v2\/pages\/2877\/revisions\/4555"}],"wp:attachment":[{"href":"https:\/\/solidarites.ch\/geneve\/wp-json\/wp\/v2\/media?parent=2877"}],"curies":[{"name":"wp","href":"https:\/\/api.w.org\/{rel}","templated":true}]}}