{"id":4239,"date":"2023-12-13T19:16:22","date_gmt":"2023-12-13T18:16:22","guid":{"rendered":"https:\/\/solidarites.ch\/geneve\/?page_id=4239"},"modified":"2026-04-14T12:09:19","modified_gmt":"2026-04-14T10:09:19","slug":"4239-2","status":"publish","type":"page","link":"https:\/\/solidarites.ch\/geneve\/4239-2\/","title":{"rendered":"Groupe \u00e9cosocialiste"},"content":{"rendered":"\n<figure class=\"wp-block-image alignleft size-full is-resized\"><img loading=\"lazy\" decoding=\"async\" src=\"https:\/\/solidarites.ch\/geneve\/wp-content\/uploads\/sites\/6\/2023\/12\/logo-ecosoc.jpg\" alt=\"\" class=\"wp-image-4242\" width=\"364\" height=\"460\" srcset=\"https:\/\/solidarites.ch\/geneve\/wp-content\/uploads\/sites\/6\/2023\/12\/logo-ecosoc.jpg 300w, https:\/\/solidarites.ch\/geneve\/wp-content\/uploads\/sites\/6\/2023\/12\/logo-ecosoc-237x300.jpg 237w\" sizes=\"auto, (max-width: 364px) 100vw, 364px\" \/>\n<div class='wp-description'><\/div><\/figure>\n\n\n<p><strong>Nous sommes un groupe du mouvement solidarit\u00e9S form\u00e9 de militant\u00b7e\u00b7s et de sympathisant\u00b7e\u00b7s.&nbsp;<\/strong><\/p>\n\n\n\n<p>Vous vous sentez solidaire de notre combat pour une \u00e9cologie anticapitaliste? Rejoignez-nous pour discuter et proposer ensemble des actions afin de b\u00e2tir un autre monde&#8230; ou prenez simplement contact pour recevoir des nouvelles de nos activit\u00e9s.<\/p>\n\n\n\n<p><a href=\"https:\/\/www2.solidarites.ch\/geneve\/ecosoc\">Lien vers les anciennes pages<\/a>:<\/p>\n\n\n\n<p><a href=\"https:\/\/www2.solidarites.ch\/geneve\/ecosoc\">https:\/\/www2.solidarites.ch\/geneve\/ecosoc<\/a><\/p>\n\n\n\n<p><a href=\"https:\/\/www2.solidarites.ch\/geneve\/ecologie-menu\">https:\/\/www2.solidarites.ch\/geneve\/ecologie-menu<\/a><\/p>\n\n\n\n<p><a href=\"mailto:ecosocialiste@solidarites.ch\">Email<\/a>\u00a0\u00b7\u00a0<br>T\u00e9l. 076 436 40 83<\/p>\n\n\n\n<p><\/p>\n","protected":false},"excerpt":{"rendered":"<p>Nous sommes un groupe du mouvement solidarit\u00e9S form\u00e9 de militant\u00b7e\u00b7s et de sympathisant\u00b7e\u00b7s.&nbsp; Vous vous sentez solidaire de notre combat pour une \u00e9cologie anticapitaliste? Rejoignez-nous pour discuter et proposer ensemble des actions afin de b\u00e2tir un autre monde&#8230; ou prenez simplement contact pour recevoir des nouvelles de nos activit\u00e9s. Lien vers les anciennes pages: https:\/\/www2.solidarites.ch\/geneve\/ecosoc &hellip; <a href=\"https:\/\/solidarites.ch\/geneve\/4239-2\/\">Continued<\/a><\/p>\n","protected":false},"author":7,"featured_media":0,"parent":0,"menu_order":0,"comment_status":"closed","ping_status":"closed","template":"","meta":{"_acf_changed":false,"_monsterinsights_skip_tracking":false,"_monsterinsights_sitenote_active":false,"_monsterinsights_sitenote_note":"","_monsterinsights_sitenote_category":0,"footnotes":""},"class_list":["post-4239","page","type-page","status-publish","hentry"],"acf":[],"yoast_head":"<!-- This site is optimized with the Yoast SEO plugin v27.4 - https:\/\/yoast.com\/product\/yoast-seo-wordpress\/ -->\n<title>Groupe \u00e9cosocialiste - solidarit\u00e9S Gen\u00e8ve<\/title>\n<meta name=\"robots\" content=\"index, follow, max-snippet:-1, max-image-preview:large, max-video-preview:-1\" \/>\n<link rel=\"canonical\" href=\"https:\/\/solidarites.ch\/geneve\/4239-2\/\" \/>\n<meta property=\"og:locale\" content=\"fr_FR\" \/>\n<meta property=\"og:type\" content=\"article\" \/>\n<meta property=\"og:title\" content=\"Groupe \u00e9cosocialiste - solidarit\u00e9S Gen\u00e8ve\" \/>\n<meta property=\"og:description\" content=\"Nous sommes un groupe du mouvement solidarit\u00e9S form\u00e9 de militant\u00b7e\u00b7s et de sympathisant\u00b7e\u00b7s.&nbsp; Vous vous sentez solidaire de notre combat pour une \u00e9cologie anticapitaliste? Rejoignez-nous pour discuter et proposer ensemble des actions afin de b\u00e2tir un autre monde&#8230; ou prenez simplement contact pour recevoir des nouvelles de nos activit\u00e9s. Lien vers les anciennes pages: https:\/\/www2.solidarites.ch\/geneve\/ecosoc &hellip; Continued\" \/>\n<meta property=\"og:url\" content=\"https:\/\/solidarites.ch\/geneve\/4239-2\/\" \/>\n<meta property=\"og:site_name\" content=\"solidarit\u00e9S Gen\u00e8ve\" \/>\n<meta property=\"article:modified_time\" content=\"2026-04-14T10:09:19+00:00\" \/>\n<meta property=\"og:image\" content=\"https:\/\/solidarites.ch\/geneve\/wp-content\/uploads\/sites\/6\/2023\/12\/logo-ecosoc.jpg\" \/>\n\t<meta property=\"og:image:width\" content=\"300\" \/>\n\t<meta property=\"og:image:height\" content=\"379\" \/>\n\t<meta property=\"og:image:type\" content=\"image\/jpeg\" \/>\n<meta name=\"twitter:card\" content=\"summary_large_image\" \/>\n<meta name=\"twitter:label1\" content=\"Dur\u00e9e de lecture estim\u00e9e\" \/>\n\t<meta name=\"twitter:data1\" content=\"1 minute\" \/>\n<script type=\"application\/ld+json\" class=\"yoast-schema-graph\">{\"@context\":\"https:\\\/\\\/schema.org\",\"@graph\":[{\"@type\":\"WebPage\",\"@id\":\"https:\\\/\\\/solidarites.ch\\\/geneve\\\/4239-2\\\/\",\"url\":\"https:\\\/\\\/solidarites.ch\\\/geneve\\\/4239-2\\\/\",\"name\":\"Groupe \u00e9cosocialiste - solidarit\u00e9S Gen\u00e8ve\",\"isPartOf\":{\"@id\":\"https:\\\/\\\/solidarites.ch\\\/geneve\\\/#website\"},\"primaryImageOfPage\":{\"@id\":\"https:\\\/\\\/solidarites.ch\\\/geneve\\\/4239-2\\\/#primaryimage\"},\"image\":{\"@id\":\"https:\\\/\\\/solidarites.ch\\\/geneve\\\/4239-2\\\/#primaryimage\"},\"thumbnailUrl\":\"https:\\\/\\\/solidarites.ch\\\/geneve\\\/wp-content\\\/uploads\\\/sites\\\/6\\\/2023\\\/12\\\/logo-ecosoc.jpg\",\"datePublished\":\"2023-12-13T18:16:22+00:00\",\"dateModified\":\"2026-04-14T10:09:19+00:00\",\"breadcrumb\":{\"@id\":\"https:\\\/\\\/solidarites.ch\\\/geneve\\\/4239-2\\\/#breadcrumb\"},\"inLanguage\":\"fr-FR\",\"potentialAction\":[{\"@type\":\"ReadAction\",\"target\":[\"https:\\\/\\\/solidarites.ch\\\/geneve\\\/4239-2\\\/\"]}]},{\"@type\":\"ImageObject\",\"inLanguage\":\"fr-FR\",\"@id\":\"https:\\\/\\\/solidarites.ch\\\/geneve\\\/4239-2\\\/#primaryimage\",\"url\":\"https:\\\/\\\/solidarites.ch\\\/geneve\\\/wp-content\\\/uploads\\\/sites\\\/6\\\/2023\\\/12\\\/logo-ecosoc.jpg\",\"contentUrl\":\"https:\\\/\\\/solidarites.ch\\\/geneve\\\/wp-content\\\/uploads\\\/sites\\\/6\\\/2023\\\/12\\\/logo-ecosoc.jpg\",\"width\":300,\"height\":379},{\"@type\":\"BreadcrumbList\",\"@id\":\"https:\\\/\\\/solidarites.ch\\\/geneve\\\/4239-2\\\/#breadcrumb\",\"itemListElement\":[{\"@type\":\"ListItem\",\"position\":1,\"name\":\"Accueil\",\"item\":\"https:\\\/\\\/solidarites.ch\\\/geneve\\\/\"},{\"@type\":\"ListItem\",\"position\":2,\"name\":\"Groupe \u00e9cosocialiste\"}]},{\"@type\":\"WebSite\",\"@id\":\"https:\\\/\\\/solidarites.ch\\\/geneve\\\/#website\",\"url\":\"https:\\\/\\\/solidarites.ch\\\/geneve\\\/\",\"name\":\"solidarit\u00e9S Gen\u00e8ve\",\"description\":\"Un mouvement &lt;br&gt;anticapitaliste, &lt;br&gt;f\u00e9ministe, &lt;br&gt;\u00e9cosocialiste\",\"potentialAction\":[{\"@type\":\"SearchAction\",\"target\":{\"@type\":\"EntryPoint\",\"urlTemplate\":\"https:\\\/\\\/solidarites.ch\\\/geneve\\\/?s={search_term_string}\"},\"query-input\":{\"@type\":\"PropertyValueSpecification\",\"valueRequired\":true,\"valueName\":\"search_term_string\"}}],\"inLanguage\":\"fr-FR\"}]}<\/script>\n<!-- \/ Yoast SEO plugin. -->","yoast_head_json":{"title":"Groupe \u00e9cosocialiste - solidarit\u00e9S Gen\u00e8ve","robots":{"index":"index","follow":"follow","max-snippet":"max-snippet:-1","max-image-preview":"max-image-preview:large","max-video-preview":"max-video-preview:-1"},"canonical":"https:\/\/solidarites.ch\/geneve\/4239-2\/","og_locale":"fr_FR","og_type":"article","og_title":"Groupe \u00e9cosocialiste - solidarit\u00e9S Gen\u00e8ve","og_description":"Nous sommes un groupe du mouvement solidarit\u00e9S form\u00e9 de militant\u00b7e\u00b7s et de sympathisant\u00b7e\u00b7s.&nbsp; Vous vous sentez solidaire de notre combat pour une \u00e9cologie anticapitaliste? Rejoignez-nous pour discuter et proposer ensemble des actions afin de b\u00e2tir un autre monde&#8230; ou prenez simplement contact pour recevoir des nouvelles de nos activit\u00e9s. Lien vers les anciennes pages: https:\/\/www2.solidarites.ch\/geneve\/ecosoc &hellip; Continued","og_url":"https:\/\/solidarites.ch\/geneve\/4239-2\/","og_site_name":"solidarit\u00e9S Gen\u00e8ve","article_modified_time":"2026-04-14T10:09:19+00:00","og_image":[{"width":300,"height":379,"url":"https:\/\/solidarites.ch\/geneve\/wp-content\/uploads\/sites\/6\/2023\/12\/logo-ecosoc.jpg","type":"image\/jpeg"}],"twitter_card":"summary_large_image","twitter_misc":{"Dur\u00e9e de lecture estim\u00e9e":"1 minute"},"schema":{"@context":"https:\/\/schema.org","@graph":[{"@type":"WebPage","@id":"https:\/\/solidarites.ch\/geneve\/4239-2\/","url":"https:\/\/solidarites.ch\/geneve\/4239-2\/","name":"Groupe \u00e9cosocialiste - solidarit\u00e9S Gen\u00e8ve","isPartOf":{"@id":"https:\/\/solidarites.ch\/geneve\/#website"},"primaryImageOfPage":{"@id":"https:\/\/solidarites.ch\/geneve\/4239-2\/#primaryimage"},"image":{"@id":"https:\/\/solidarites.ch\/geneve\/4239-2\/#primaryimage"},"thumbnailUrl":"https:\/\/solidarites.ch\/geneve\/wp-content\/uploads\/sites\/6\/2023\/12\/logo-ecosoc.jpg","datePublished":"2023-12-13T18:16:22+00:00","dateModified":"2026-04-14T10:09:19+00:00","breadcrumb":{"@id":"https:\/\/solidarites.ch\/geneve\/4239-2\/#breadcrumb"},"inLanguage":"fr-FR","potentialAction":[{"@type":"ReadAction","target":["https:\/\/solidarites.ch\/geneve\/4239-2\/"]}]},{"@type":"ImageObject","inLanguage":"fr-FR","@id":"https:\/\/solidarites.ch\/geneve\/4239-2\/#primaryimage","url":"https:\/\/solidarites.ch\/geneve\/wp-content\/uploads\/sites\/6\/2023\/12\/logo-ecosoc.jpg","contentUrl":"https:\/\/solidarites.ch\/geneve\/wp-content\/uploads\/sites\/6\/2023\/12\/logo-ecosoc.jpg","width":300,"height":379},{"@type":"BreadcrumbList","@id":"https:\/\/solidarites.ch\/geneve\/4239-2\/#breadcrumb","itemListElement":[{"@type":"ListItem","position":1,"name":"Accueil","item":"https:\/\/solidarites.ch\/geneve\/"},{"@type":"ListItem","position":2,"name":"Groupe \u00e9cosocialiste"}]},{"@type":"WebSite","@id":"https:\/\/solidarites.ch\/geneve\/#website","url":"https:\/\/solidarites.ch\/geneve\/","name":"solidarit\u00e9S Gen\u00e8ve","description":"Un mouvement &lt;br&gt;anticapitaliste, &lt;br&gt;f\u00e9ministe, &lt;br&gt;\u00e9cosocialiste","potentialAction":[{"@type":"SearchAction","target":{"@type":"EntryPoint","urlTemplate":"https:\/\/solidarites.ch\/geneve\/?s={search_term_string}"},"query-input":{"@type":"PropertyValueSpecification","valueRequired":true,"valueName":"search_term_string"}}],"inLanguage":"fr-FR"}]}},"distributor_meta":false,"distributor_terms":false,"distributor_media":false,"distributor_original_site_name":"solidarit\u00e9S Gen\u00e8ve","distributor_original_site_url":"https:\/\/solidarites.ch\/geneve","push-errors":false,"_links":{"self":[{"href":"https:\/\/solidarites.ch\/geneve\/wp-json\/wp\/v2\/pages\/4239","targetHints":{"allow":["GET"]}}],"collection":[{"href":"https:\/\/solidarites.ch\/geneve\/wp-json\/wp\/v2\/pages"}],"about":[{"href":"https:\/\/solidarites.ch\/geneve\/wp-json\/wp\/v2\/types\/page"}],"author":[{"embeddable":true,"href":"https:\/\/solidarites.ch\/geneve\/wp-json\/wp\/v2\/users\/7"}],"replies":[{"embeddable":true,"href":"https:\/\/solidarites.ch\/geneve\/wp-json\/wp\/v2\/comments?post=4239"}],"version-history":[{"count":4,"href":"https:\/\/solidarites.ch\/geneve\/wp-json\/wp\/v2\/pages\/4239\/revisions"}],"predecessor-version":[{"id":4552,"href":"https:\/\/solidarites.ch\/geneve\/wp-json\/wp\/v2\/pages\/4239\/revisions\/4552"}],"wp:attachment":[{"href":"https:\/\/solidarites.ch\/geneve\/wp-json\/wp\/v2\/media?parent=4239"}],"curies":[{"name":"wp","href":"https:\/\/api.w.org\/{rel}","templated":true}]}}