{"id":4533,"date":"2026-04-14T12:12:12","date_gmt":"2026-04-14T10:12:12","guid":{"rendered":"https:\/\/solidarites.ch\/geneve\/?page_id=4533"},"modified":"2026-04-14T12:30:32","modified_gmt":"2026-04-14T10:30:32","slug":"soutenez-nous","status":"publish","type":"page","link":"https:\/\/solidarites.ch\/geneve\/soutenez-nous\/","title":{"rendered":"Soutenez-nous !"},"content":{"rendered":"\n<figure class=\"wp-block-image size-large\"><img loading=\"lazy\" decoding=\"async\" width=\"1024\" height=\"536\" src=\"https:\/\/solidarites.ch\/geneve\/wp-content\/uploads\/sites\/6\/2026\/04\/Bandeau-Soutenez-nous-1024x536.png\" alt=\"\" class=\"wp-image-4541\" srcset=\"https:\/\/solidarites.ch\/geneve\/wp-content\/uploads\/sites\/6\/2026\/04\/Bandeau-Soutenez-nous-1024x536.png 1024w, https:\/\/solidarites.ch\/geneve\/wp-content\/uploads\/sites\/6\/2026\/04\/Bandeau-Soutenez-nous-300x157.png 300w, https:\/\/solidarites.ch\/geneve\/wp-content\/uploads\/sites\/6\/2026\/04\/Bandeau-Soutenez-nous-768x402.png 768w, https:\/\/solidarites.ch\/geneve\/wp-content\/uploads\/sites\/6\/2026\/04\/Bandeau-Soutenez-nous-1536x804.png 1536w, https:\/\/solidarites.ch\/geneve\/wp-content\/uploads\/sites\/6\/2026\/04\/Bandeau-Soutenez-nous.png 1920w\" sizes=\"auto, (max-width: 1024px) 100vw, 1024px\" \/>\n<div class='wp-description'><\/div><\/figure>\n\n\n<div class=\"wp-block-group is-layout-constrained wp-block-group-is-layout-constrained\">\n<h2 class=\"wp-block-heading has-text-align-left\"><strong>solidarit\u00e9S, c&rsquo;est le grain de sable dans l&rsquo;engrenage.<\/strong><\/h2>\n\n\n\n<p class=\"has-text-align-left\">Quand il faut construire une mobilisation large, on rejoint des coalitions et on organise des manifestations. Quand il faut lancer un r\u00e9f\u00e9rendum, on est sous la pluie pour vos signatures.<\/p>\n\n\n\n<p class=\"has-text-align-left\">Et toute l\u2019ann\u00e9e, on fait vivre un <a href=\"https:\/\/solidarites.ch\/\">journal d\u2019analyse<\/a>, des formations politiques ouvertes \u00e0 toutes et tous, des projections, des conf\u00e9rences.<\/p>\n\n\n\n<p class=\"has-text-align-left\">On n&rsquo;est pas juste une organisation, on est un outil de lutte pour faire advenir une alternative: un monde anticapitaliste, \u00e9cologiste, antiraciste et f\u00e9ministe. Un monde d\u2019\u00e9galit\u00e9 et de solidarit\u00e9.<\/p>\n\n\n\n<h2 class=\"wp-block-heading has-text-align-left\">Mais tout \u00e7a, \u00e7a co\u00fbte.<\/h2>\n\n\n\n<p class=\"has-text-align-left\">Un local, du mat\u00e9riel, des campagnes\u2026 et de formidables salari\u00e9\u00b7e\u00b7s qui tiennent la baraque.<\/p>\n\n\n\n<p class=\"has-text-align-left\">Partout dans le monde, les id\u00e9es d\u2019extr\u00eame droite progressent, les droits des travailleur\u00b7euses reculent, la crise climatique nous emm\u00e8ne dans le mur, la guerre permanente contre les peuples bat son plein.<\/p>\n\n\n\n<p class=\"has-text-align-left\">Et pendant que les moyens des capitalistes et de leurs relais augmentent de jour en jour, nous, on continue la lutte comme on peut.<\/p>\n\n\n\n<p><\/p>\n\n\n\n<p class=\"has-text-align-left\"><strong>Sans moyens, la lutte s&rsquo;essouffle.<\/strong><\/p>\n\n\n\n<p class=\"has-text-align-left\"><strong>Et le monde d&rsquo;apr\u00e8s ne se construira pas tout seul.<\/strong><\/p>\n\n\n\n<p class=\"has-text-align-left\"><strong>Vous avez l\u2019occasion de nous aider concr\u00e8tement \u00e0 cr\u00e9er ce monde de demain.<\/strong><\/p>\n\n\n\n<p class=\"has-text-align-left\"><strong>Chaque don est un acte politique.<\/strong><\/p>\n\n\n\n<p class=\"has-text-align-left\">M\u00eame 5 francs, c\u2019est une affiche de plus, du temps de travail en plus, une victoire possible en plus.<\/p>\n\n\n\n<p class=\"has-text-align-center\">Merci \u2764\ufe0f<\/p>\n<\/div>\n\n\n\n<p class=\"has-text-align-center has-white-color has-text-color has-link-color wp-elements-9ef287a38cb62d397eac7cdc60cd7a0a\">o<\/p>\n\n\n\n<p class=\"has-white-color has-text-color has-link-color wp-elements-a88288b366ef036dc793b6b0a706dcb1\">o<\/p>\n\n\n\n<div class=\"wp-block-group is-layout-constrained wp-block-group-is-layout-constrained\">\n<p class=\"has-text-align-center\"><strong>IBAN :<\/strong> CH42 0900 0000 1200 9441 1<\/p>\n\n\n\n<p class=\"has-text-align-center\">solidarit\u00e9S Gen\u00e8ve<\/p>\n\n\n\n<p class=\"has-text-align-center\">Rue des Gares 25, 1201 Gen\u00e8ve<\/p>\n\n\n\n<figure class=\"wp-block-image aligncenter size-large is-resized\"><img loading=\"lazy\" decoding=\"async\" width=\"1024\" height=\"1019\" src=\"https:\/\/solidarites.ch\/geneve\/wp-content\/uploads\/sites\/6\/2026\/04\/QR-code-dons-1-1024x1019.png\" alt=\"\" class=\"wp-image-4549\" style=\"aspect-ratio:1.0022838499184339;width:423px;height:auto\" srcset=\"https:\/\/solidarites.ch\/geneve\/wp-content\/uploads\/sites\/6\/2026\/04\/QR-code-dons-1-1024x1019.png 1024w, https:\/\/solidarites.ch\/geneve\/wp-content\/uploads\/sites\/6\/2026\/04\/QR-code-dons-1-300x300.png 300w, https:\/\/solidarites.ch\/geneve\/wp-content\/uploads\/sites\/6\/2026\/04\/QR-code-dons-1-150x150.png 150w, https:\/\/solidarites.ch\/geneve\/wp-content\/uploads\/sites\/6\/2026\/04\/QR-code-dons-1-768x765.png 768w, https:\/\/solidarites.ch\/geneve\/wp-content\/uploads\/sites\/6\/2026\/04\/QR-code-dons-1-1536x1529.png 1536w, https:\/\/solidarites.ch\/geneve\/wp-content\/uploads\/sites\/6\/2026\/04\/QR-code-dons-1.png 1772w\" sizes=\"auto, (max-width: 1024px) 100vw, 1024px\" \/>\n<div class='wp-description'><\/div><\/figure><\/div>\n","protected":false},"excerpt":{"rendered":"<p>solidarit\u00e9S, c&rsquo;est le grain de sable dans l&rsquo;engrenage. Quand il faut construire une mobilisation large, on rejoint des coalitions et on organise des manifestations. Quand il faut lancer un r\u00e9f\u00e9rendum, on est sous la pluie pour vos signatures. Et toute l\u2019ann\u00e9e, on fait vivre un journal d\u2019analyse, des formations politiques ouvertes \u00e0 toutes et tous, &hellip; <a href=\"https:\/\/solidarites.ch\/geneve\/soutenez-nous\/\">Continued<\/a><\/p>\n","protected":false},"author":26,"featured_media":4535,"parent":0,"menu_order":0,"comment_status":"closed","ping_status":"closed","template":"","meta":{"_acf_changed":false,"_monsterinsights_skip_tracking":false,"_monsterinsights_sitenote_active":false,"_monsterinsights_sitenote_note":"","_monsterinsights_sitenote_category":0,"footnotes":""},"class_list":["post-4533","page","type-page","status-publish","has-post-thumbnail","hentry"],"acf":[],"yoast_head":"<!-- This site is optimized with the Yoast SEO plugin v27.4 - https:\/\/yoast.com\/product\/yoast-seo-wordpress\/ -->\n<title>Soutenez-nous ! - solidarit\u00e9S Gen\u00e8ve<\/title>\n<meta name=\"robots\" content=\"index, follow, max-snippet:-1, max-image-preview:large, max-video-preview:-1\" \/>\n<link rel=\"canonical\" href=\"https:\/\/solidarites.ch\/geneve\/soutenez-nous\/\" \/>\n<meta property=\"og:locale\" content=\"fr_FR\" \/>\n<meta property=\"og:type\" content=\"article\" \/>\n<meta property=\"og:title\" content=\"Soutenez-nous ! - solidarit\u00e9S Gen\u00e8ve\" \/>\n<meta property=\"og:description\" content=\"solidarit\u00e9S, c&rsquo;est le grain de sable dans l&rsquo;engrenage. Quand il faut construire une mobilisation large, on rejoint des coalitions et on organise des manifestations. Quand il faut lancer un r\u00e9f\u00e9rendum, on est sous la pluie pour vos signatures. Et toute l\u2019ann\u00e9e, on fait vivre un journal d\u2019analyse, des formations politiques ouvertes \u00e0 toutes et tous, &hellip; Continued\" \/>\n<meta property=\"og:url\" content=\"https:\/\/solidarites.ch\/geneve\/soutenez-nous\/\" \/>\n<meta property=\"og:site_name\" content=\"solidarit\u00e9S Gen\u00e8ve\" \/>\n<meta property=\"article:modified_time\" content=\"2026-04-14T10:30:32+00:00\" \/>\n<meta property=\"og:image\" content=\"https:\/\/solidarites.ch\/geneve\/wp-content\/uploads\/sites\/6\/2026\/04\/Soutenez-nous.png\" \/>\n\t<meta property=\"og:image:width\" content=\"1920\" \/>\n\t<meta property=\"og:image:height\" content=\"1005\" \/>\n\t<meta property=\"og:image:type\" content=\"image\/png\" \/>\n<meta name=\"twitter:card\" content=\"summary_large_image\" \/>\n<meta name=\"twitter:label1\" content=\"Dur\u00e9e de lecture estim\u00e9e\" \/>\n\t<meta name=\"twitter:data1\" content=\"2 minutes\" \/>\n<script type=\"application\/ld+json\" class=\"yoast-schema-graph\">{\"@context\":\"https:\\\/\\\/schema.org\",\"@graph\":[{\"@type\":\"WebPage\",\"@id\":\"https:\\\/\\\/solidarites.ch\\\/geneve\\\/soutenez-nous\\\/\",\"url\":\"https:\\\/\\\/solidarites.ch\\\/geneve\\\/soutenez-nous\\\/\",\"name\":\"Soutenez-nous ! - solidarit\u00e9S Gen\u00e8ve\",\"isPartOf\":{\"@id\":\"https:\\\/\\\/solidarites.ch\\\/geneve\\\/#website\"},\"primaryImageOfPage\":{\"@id\":\"https:\\\/\\\/solidarites.ch\\\/geneve\\\/soutenez-nous\\\/#primaryimage\"},\"image\":{\"@id\":\"https:\\\/\\\/solidarites.ch\\\/geneve\\\/soutenez-nous\\\/#primaryimage\"},\"thumbnailUrl\":\"https:\\\/\\\/solidarites.ch\\\/geneve\\\/wp-content\\\/uploads\\\/sites\\\/6\\\/2026\\\/04\\\/Soutenez-nous.png\",\"datePublished\":\"2026-04-14T10:12:12+00:00\",\"dateModified\":\"2026-04-14T10:30:32+00:00\",\"breadcrumb\":{\"@id\":\"https:\\\/\\\/solidarites.ch\\\/geneve\\\/soutenez-nous\\\/#breadcrumb\"},\"inLanguage\":\"fr-FR\",\"potentialAction\":[{\"@type\":\"ReadAction\",\"target\":[\"https:\\\/\\\/solidarites.ch\\\/geneve\\\/soutenez-nous\\\/\"]}]},{\"@type\":\"ImageObject\",\"inLanguage\":\"fr-FR\",\"@id\":\"https:\\\/\\\/solidarites.ch\\\/geneve\\\/soutenez-nous\\\/#primaryimage\",\"url\":\"https:\\\/\\\/solidarites.ch\\\/geneve\\\/wp-content\\\/uploads\\\/sites\\\/6\\\/2026\\\/04\\\/Soutenez-nous.png\",\"contentUrl\":\"https:\\\/\\\/solidarites.ch\\\/geneve\\\/wp-content\\\/uploads\\\/sites\\\/6\\\/2026\\\/04\\\/Soutenez-nous.png\",\"width\":1920,\"height\":1005},{\"@type\":\"BreadcrumbList\",\"@id\":\"https:\\\/\\\/solidarites.ch\\\/geneve\\\/soutenez-nous\\\/#breadcrumb\",\"itemListElement\":[{\"@type\":\"ListItem\",\"position\":1,\"name\":\"Accueil\",\"item\":\"https:\\\/\\\/solidarites.ch\\\/geneve\\\/\"},{\"@type\":\"ListItem\",\"position\":2,\"name\":\"Soutenez-nous !\"}]},{\"@type\":\"WebSite\",\"@id\":\"https:\\\/\\\/solidarites.ch\\\/geneve\\\/#website\",\"url\":\"https:\\\/\\\/solidarites.ch\\\/geneve\\\/\",\"name\":\"solidarit\u00e9S Gen\u00e8ve\",\"description\":\"Un mouvement &lt;br&gt;anticapitaliste, &lt;br&gt;f\u00e9ministe, &lt;br&gt;\u00e9cosocialiste\",\"potentialAction\":[{\"@type\":\"SearchAction\",\"target\":{\"@type\":\"EntryPoint\",\"urlTemplate\":\"https:\\\/\\\/solidarites.ch\\\/geneve\\\/?s={search_term_string}\"},\"query-input\":{\"@type\":\"PropertyValueSpecification\",\"valueRequired\":true,\"valueName\":\"search_term_string\"}}],\"inLanguage\":\"fr-FR\"}]}<\/script>\n<!-- \/ Yoast SEO plugin. -->","yoast_head_json":{"title":"Soutenez-nous ! - solidarit\u00e9S Gen\u00e8ve","robots":{"index":"index","follow":"follow","max-snippet":"max-snippet:-1","max-image-preview":"max-image-preview:large","max-video-preview":"max-video-preview:-1"},"canonical":"https:\/\/solidarites.ch\/geneve\/soutenez-nous\/","og_locale":"fr_FR","og_type":"article","og_title":"Soutenez-nous ! - solidarit\u00e9S Gen\u00e8ve","og_description":"solidarit\u00e9S, c&rsquo;est le grain de sable dans l&rsquo;engrenage. Quand il faut construire une mobilisation large, on rejoint des coalitions et on organise des manifestations. Quand il faut lancer un r\u00e9f\u00e9rendum, on est sous la pluie pour vos signatures. Et toute l\u2019ann\u00e9e, on fait vivre un journal d\u2019analyse, des formations politiques ouvertes \u00e0 toutes et tous, &hellip; Continued","og_url":"https:\/\/solidarites.ch\/geneve\/soutenez-nous\/","og_site_name":"solidarit\u00e9S Gen\u00e8ve","article_modified_time":"2026-04-14T10:30:32+00:00","og_image":[{"width":1920,"height":1005,"url":"https:\/\/solidarites.ch\/geneve\/wp-content\/uploads\/sites\/6\/2026\/04\/Soutenez-nous.png","type":"image\/png"}],"twitter_card":"summary_large_image","twitter_misc":{"Dur\u00e9e de lecture estim\u00e9e":"2 minutes"},"schema":{"@context":"https:\/\/schema.org","@graph":[{"@type":"WebPage","@id":"https:\/\/solidarites.ch\/geneve\/soutenez-nous\/","url":"https:\/\/solidarites.ch\/geneve\/soutenez-nous\/","name":"Soutenez-nous ! - solidarit\u00e9S Gen\u00e8ve","isPartOf":{"@id":"https:\/\/solidarites.ch\/geneve\/#website"},"primaryImageOfPage":{"@id":"https:\/\/solidarites.ch\/geneve\/soutenez-nous\/#primaryimage"},"image":{"@id":"https:\/\/solidarites.ch\/geneve\/soutenez-nous\/#primaryimage"},"thumbnailUrl":"https:\/\/solidarites.ch\/geneve\/wp-content\/uploads\/sites\/6\/2026\/04\/Soutenez-nous.png","datePublished":"2026-04-14T10:12:12+00:00","dateModified":"2026-04-14T10:30:32+00:00","breadcrumb":{"@id":"https:\/\/solidarites.ch\/geneve\/soutenez-nous\/#breadcrumb"},"inLanguage":"fr-FR","potentialAction":[{"@type":"ReadAction","target":["https:\/\/solidarites.ch\/geneve\/soutenez-nous\/"]}]},{"@type":"ImageObject","inLanguage":"fr-FR","@id":"https:\/\/solidarites.ch\/geneve\/soutenez-nous\/#primaryimage","url":"https:\/\/solidarites.ch\/geneve\/wp-content\/uploads\/sites\/6\/2026\/04\/Soutenez-nous.png","contentUrl":"https:\/\/solidarites.ch\/geneve\/wp-content\/uploads\/sites\/6\/2026\/04\/Soutenez-nous.png","width":1920,"height":1005},{"@type":"BreadcrumbList","@id":"https:\/\/solidarites.ch\/geneve\/soutenez-nous\/#breadcrumb","itemListElement":[{"@type":"ListItem","position":1,"name":"Accueil","item":"https:\/\/solidarites.ch\/geneve\/"},{"@type":"ListItem","position":2,"name":"Soutenez-nous !"}]},{"@type":"WebSite","@id":"https:\/\/solidarites.ch\/geneve\/#website","url":"https:\/\/solidarites.ch\/geneve\/","name":"solidarit\u00e9S Gen\u00e8ve","description":"Un mouvement &lt;br&gt;anticapitaliste, &lt;br&gt;f\u00e9ministe, &lt;br&gt;\u00e9cosocialiste","potentialAction":[{"@type":"SearchAction","target":{"@type":"EntryPoint","urlTemplate":"https:\/\/solidarites.ch\/geneve\/?s={search_term_string}"},"query-input":{"@type":"PropertyValueSpecification","valueRequired":true,"valueName":"search_term_string"}}],"inLanguage":"fr-FR"}]}},"distributor_meta":false,"distributor_terms":false,"distributor_media":false,"distributor_original_site_name":"solidarit\u00e9S Gen\u00e8ve","distributor_original_site_url":"https:\/\/solidarites.ch\/geneve","push-errors":false,"_links":{"self":[{"href":"https:\/\/solidarites.ch\/geneve\/wp-json\/wp\/v2\/pages\/4533","targetHints":{"allow":["GET"]}}],"collection":[{"href":"https:\/\/solidarites.ch\/geneve\/wp-json\/wp\/v2\/pages"}],"about":[{"href":"https:\/\/solidarites.ch\/geneve\/wp-json\/wp\/v2\/types\/page"}],"author":[{"embeddable":true,"href":"https:\/\/solidarites.ch\/geneve\/wp-json\/wp\/v2\/users\/26"}],"replies":[{"embeddable":true,"href":"https:\/\/solidarites.ch\/geneve\/wp-json\/wp\/v2\/comments?post=4533"}],"version-history":[{"count":17,"href":"https:\/\/solidarites.ch\/geneve\/wp-json\/wp\/v2\/pages\/4533\/revisions"}],"predecessor-version":[{"id":4562,"href":"https:\/\/solidarites.ch\/geneve\/wp-json\/wp\/v2\/pages\/4533\/revisions\/4562"}],"wp:featuredmedia":[{"embeddable":true,"href":"https:\/\/solidarites.ch\/geneve\/wp-json\/wp\/v2\/media\/4535"}],"wp:attachment":[{"href":"https:\/\/solidarites.ch\/geneve\/wp-json\/wp\/v2\/media?parent=4533"}],"curies":[{"name":"wp","href":"https:\/\/api.w.org\/{rel}","templated":true}]}}