{"id":48,"date":"2020-01-07T15:42:11","date_gmt":"2020-01-07T14:42:11","guid":{"rendered":"https:\/\/solidarites.ch\/neuchatel\/?page_id=48"},"modified":"2020-01-07T15:42:12","modified_gmt":"2020-01-07T14:42:12","slug":"qui-sommes-nous","status":"publish","type":"page","link":"https:\/\/solidarites.ch\/ne\/qui-sommes-nous\/","title":{"rendered":"Qui sommes-nous ?"},"content":{"rendered":"\n<p style=\"font-size:24px\"><strong><span style=\"color:#9b51e0\" class=\"color\">S&rsquo;organiser pour que le monde change<\/span><\/strong><\/p>\n\n\n\n<p>Pr\u00e9sent\u00b7e\u00b7s dans la rue, dans les syndicats, dans les associations et dans les parlements, nous combattons les in\u00e9galit\u00e9s partout. Nous soutenons les luttes ouvri\u00e8res, f\u00e9ministes et citoyennes, d\u00e9veloppons les lois sociales, d\u00e9fendons les services publics, rejetons le racisme et la x\u00e9nophobie, agissons pour une \u00e9cologie sociale et pratiquons une politique unitaire de gauche. Nous d\u00e9veloppons ainsi une perspective anticapitaliste, f\u00e9ministe et \u00e9cologiste.<\/p>\n\n\n\n<p>Nous sommes organis\u00e9\u00b7e\u00b7s en assembl\u00e9es g\u00e9n\u00e9rales mensuelles.<br>Si vous souhaitez nous rejoindre, soyez les bienvenu\u00b7e\u00b7s!<\/p>\n\n\n\n<p>Pour nous contacter:\u00a0<a href=\"mailto:ne@solidarites.ch\">ne@solidarites.ch<\/a>\u00a0<\/p>\n\n\n\n<p><\/p>\n","protected":false},"excerpt":{"rendered":"<p>S&rsquo;organiser pour que le monde change Pr\u00e9sent\u00b7e\u00b7s dans la rue, dans les syndicats, dans les associations et dans les parlements, nous combattons les in\u00e9galit\u00e9s partout. Nous soutenons les luttes ouvri\u00e8res, f\u00e9ministes et citoyennes, d\u00e9veloppons les lois sociales, d\u00e9fendons les services publics, rejetons le racisme et la x\u00e9nophobie, agissons pour une \u00e9cologie sociale et pratiquons une &hellip; <a href=\"https:\/\/solidarites.ch\/ne\/qui-sommes-nous\/\">Continued<\/a><\/p>\n","protected":false},"author":5,"featured_media":0,"parent":0,"menu_order":0,"comment_status":"closed","ping_status":"closed","template":"","meta":{"_acf_changed":false,"_monsterinsights_skip_tracking":false,"_monsterinsights_sitenote_active":false,"_monsterinsights_sitenote_note":"","_monsterinsights_sitenote_category":0,"footnotes":""},"class_list":["post-48","page","type-page","status-publish","hentry"],"acf":[],"yoast_head":"<!-- This site is optimized with the Yoast SEO plugin v27.4 - https:\/\/yoast.com\/product\/yoast-seo-wordpress\/ -->\n<title>Qui sommes-nous ? - Solidarit\u00e9S Neuch\u00e2tel<\/title>\n<meta name=\"robots\" content=\"index, follow, max-snippet:-1, max-image-preview:large, max-video-preview:-1\" \/>\n<link rel=\"canonical\" href=\"https:\/\/solidarites.ch\/ne\/qui-sommes-nous\/\" \/>\n<meta property=\"og:locale\" content=\"fr_FR\" \/>\n<meta property=\"og:type\" content=\"article\" \/>\n<meta property=\"og:title\" content=\"Qui sommes-nous ? - Solidarit\u00e9S Neuch\u00e2tel\" \/>\n<meta property=\"og:description\" content=\"S&rsquo;organiser pour que le monde change Pr\u00e9sent\u00b7e\u00b7s dans la rue, dans les syndicats, dans les associations et dans les parlements, nous combattons les in\u00e9galit\u00e9s partout. Nous soutenons les luttes ouvri\u00e8res, f\u00e9ministes et citoyennes, d\u00e9veloppons les lois sociales, d\u00e9fendons les services publics, rejetons le racisme et la x\u00e9nophobie, agissons pour une \u00e9cologie sociale et pratiquons une &hellip; Continued\" \/>\n<meta property=\"og:url\" content=\"https:\/\/solidarites.ch\/ne\/qui-sommes-nous\/\" \/>\n<meta property=\"og:site_name\" content=\"Solidarit\u00e9S Neuch\u00e2tel\" \/>\n<meta property=\"article:modified_time\" content=\"2020-01-07T14:42:12+00:00\" \/>\n<meta name=\"twitter:card\" content=\"summary_large_image\" \/>\n<meta name=\"twitter:label1\" content=\"Dur\u00e9e de lecture estim\u00e9e\" \/>\n\t<meta name=\"twitter:data1\" content=\"1 minute\" \/>\n<script type=\"application\/ld+json\" class=\"yoast-schema-graph\">{\"@context\":\"https:\\\/\\\/schema.org\",\"@graph\":[{\"@type\":\"WebPage\",\"@id\":\"https:\\\/\\\/solidarites.ch\\\/ne\\\/qui-sommes-nous\\\/\",\"url\":\"https:\\\/\\\/solidarites.ch\\\/ne\\\/qui-sommes-nous\\\/\",\"name\":\"Qui sommes-nous ? - Solidarit\u00e9S Neuch\u00e2tel\",\"isPartOf\":{\"@id\":\"https:\\\/\\\/solidarites.ch\\\/ne\\\/#website\"},\"datePublished\":\"2020-01-07T14:42:11+00:00\",\"dateModified\":\"2020-01-07T14:42:12+00:00\",\"breadcrumb\":{\"@id\":\"https:\\\/\\\/solidarites.ch\\\/ne\\\/qui-sommes-nous\\\/#breadcrumb\"},\"inLanguage\":\"fr-FR\",\"potentialAction\":[{\"@type\":\"ReadAction\",\"target\":[\"https:\\\/\\\/solidarites.ch\\\/ne\\\/qui-sommes-nous\\\/\"]}]},{\"@type\":\"BreadcrumbList\",\"@id\":\"https:\\\/\\\/solidarites.ch\\\/ne\\\/qui-sommes-nous\\\/#breadcrumb\",\"itemListElement\":[{\"@type\":\"ListItem\",\"position\":1,\"name\":\"Accueil\",\"item\":\"https:\\\/\\\/solidarites.ch\\\/ne\\\/\"},{\"@type\":\"ListItem\",\"position\":2,\"name\":\"Qui sommes-nous ?\"}]},{\"@type\":\"WebSite\",\"@id\":\"https:\\\/\\\/solidarites.ch\\\/ne\\\/#website\",\"url\":\"https:\\\/\\\/solidarites.ch\\\/ne\\\/\",\"name\":\"Solidarit\u00e9S Neuch\u00e2tel\",\"description\":\"S&#039;organiser&lt;br&gt;pour&lt;br&gt;changer&lt;br&gt;le monde\",\"potentialAction\":[{\"@type\":\"SearchAction\",\"target\":{\"@type\":\"EntryPoint\",\"urlTemplate\":\"https:\\\/\\\/solidarites.ch\\\/ne\\\/?s={search_term_string}\"},\"query-input\":{\"@type\":\"PropertyValueSpecification\",\"valueRequired\":true,\"valueName\":\"search_term_string\"}}],\"inLanguage\":\"fr-FR\"}]}<\/script>\n<!-- \/ Yoast SEO plugin. -->","yoast_head_json":{"title":"Qui sommes-nous ? - Solidarit\u00e9S Neuch\u00e2tel","robots":{"index":"index","follow":"follow","max-snippet":"max-snippet:-1","max-image-preview":"max-image-preview:large","max-video-preview":"max-video-preview:-1"},"canonical":"https:\/\/solidarites.ch\/ne\/qui-sommes-nous\/","og_locale":"fr_FR","og_type":"article","og_title":"Qui sommes-nous ? - Solidarit\u00e9S Neuch\u00e2tel","og_description":"S&rsquo;organiser pour que le monde change Pr\u00e9sent\u00b7e\u00b7s dans la rue, dans les syndicats, dans les associations et dans les parlements, nous combattons les in\u00e9galit\u00e9s partout. Nous soutenons les luttes ouvri\u00e8res, f\u00e9ministes et citoyennes, d\u00e9veloppons les lois sociales, d\u00e9fendons les services publics, rejetons le racisme et la x\u00e9nophobie, agissons pour une \u00e9cologie sociale et pratiquons une &hellip; Continued","og_url":"https:\/\/solidarites.ch\/ne\/qui-sommes-nous\/","og_site_name":"Solidarit\u00e9S Neuch\u00e2tel","article_modified_time":"2020-01-07T14:42:12+00:00","twitter_card":"summary_large_image","twitter_misc":{"Dur\u00e9e de lecture estim\u00e9e":"1 minute"},"schema":{"@context":"https:\/\/schema.org","@graph":[{"@type":"WebPage","@id":"https:\/\/solidarites.ch\/ne\/qui-sommes-nous\/","url":"https:\/\/solidarites.ch\/ne\/qui-sommes-nous\/","name":"Qui sommes-nous ? - Solidarit\u00e9S Neuch\u00e2tel","isPartOf":{"@id":"https:\/\/solidarites.ch\/ne\/#website"},"datePublished":"2020-01-07T14:42:11+00:00","dateModified":"2020-01-07T14:42:12+00:00","breadcrumb":{"@id":"https:\/\/solidarites.ch\/ne\/qui-sommes-nous\/#breadcrumb"},"inLanguage":"fr-FR","potentialAction":[{"@type":"ReadAction","target":["https:\/\/solidarites.ch\/ne\/qui-sommes-nous\/"]}]},{"@type":"BreadcrumbList","@id":"https:\/\/solidarites.ch\/ne\/qui-sommes-nous\/#breadcrumb","itemListElement":[{"@type":"ListItem","position":1,"name":"Accueil","item":"https:\/\/solidarites.ch\/ne\/"},{"@type":"ListItem","position":2,"name":"Qui sommes-nous ?"}]},{"@type":"WebSite","@id":"https:\/\/solidarites.ch\/ne\/#website","url":"https:\/\/solidarites.ch\/ne\/","name":"Solidarit\u00e9S Neuch\u00e2tel","description":"S&#039;organiser&lt;br&gt;pour&lt;br&gt;changer&lt;br&gt;le monde","potentialAction":[{"@type":"SearchAction","target":{"@type":"EntryPoint","urlTemplate":"https:\/\/solidarites.ch\/ne\/?s={search_term_string}"},"query-input":{"@type":"PropertyValueSpecification","valueRequired":true,"valueName":"search_term_string"}}],"inLanguage":"fr-FR"}]}},"distributor_meta":false,"distributor_terms":false,"distributor_media":false,"distributor_original_site_name":"Solidarit\u00e9S Neuch\u00e2tel","distributor_original_site_url":"https:\/\/solidarites.ch\/ne","push-errors":false,"_links":{"self":[{"href":"https:\/\/solidarites.ch\/ne\/wp-json\/wp\/v2\/pages\/48","targetHints":{"allow":["GET"]}}],"collection":[{"href":"https:\/\/solidarites.ch\/ne\/wp-json\/wp\/v2\/pages"}],"about":[{"href":"https:\/\/solidarites.ch\/ne\/wp-json\/wp\/v2\/types\/page"}],"author":[{"embeddable":true,"href":"https:\/\/solidarites.ch\/ne\/wp-json\/wp\/v2\/users\/5"}],"replies":[{"embeddable":true,"href":"https:\/\/solidarites.ch\/ne\/wp-json\/wp\/v2\/comments?post=48"}],"version-history":[{"count":2,"href":"https:\/\/solidarites.ch\/ne\/wp-json\/wp\/v2\/pages\/48\/revisions"}],"predecessor-version":[{"id":50,"href":"https:\/\/solidarites.ch\/ne\/wp-json\/wp\/v2\/pages\/48\/revisions\/50"}],"wp:attachment":[{"href":"https:\/\/solidarites.ch\/ne\/wp-json\/wp\/v2\/media?parent=48"}],"curies":[{"name":"wp","href":"https:\/\/api.w.org\/{rel}","templated":true}]}}