{"id":54,"date":"2020-01-07T16:44:23","date_gmt":"2020-01-07T15:44:23","guid":{"rendered":"https:\/\/solidarites.ch\/neuchatel\/?page_id=54"},"modified":"2020-01-09T21:37:43","modified_gmt":"2020-01-09T20:37:43","slug":"soutenez-nous","status":"publish","type":"page","link":"https:\/\/solidarites.ch\/ne\/soutenez-nous\/","title":{"rendered":"Soutenez-nous"},"content":{"rendered":"\n<p>La lutte se fait par les moyens de l&rsquo;\u00e9poque. Hormis, la pr\u00e9sence sur le terrain, la disponibilit\u00e9 pour nos actions, la cr\u00e9ativit\u00e9 pour imaginer un autre monde meilleur, le soutien financier est aujourd&rsquo;hui encore n\u00e9cessaire. Merci pour vos dons !<\/p>\n\n\n\n<p>CCP : 20-6305-2<\/p>\n\n\n\n<p>IBAN : CH96 0900 0000 2000 6305 2<\/p>\n\n\n\n<p>solidarit\u00e9S<\/p>\n\n\n\n<p>2000 Neuch\u00e2tel<\/p>\n","protected":false},"excerpt":{"rendered":"<p>La lutte se fait par les moyens de l&rsquo;\u00e9poque. Hormis, la pr\u00e9sence sur le terrain, la disponibilit\u00e9 pour nos actions, la cr\u00e9ativit\u00e9 pour imaginer un autre monde meilleur, le soutien financier est aujourd&rsquo;hui encore n\u00e9cessaire. Merci pour vos dons ! CCP : 20-6305-2 IBAN : CH96 0900 0000 2000 6305 2 solidarit\u00e9S 2000 Neuch\u00e2tel<\/p>\n","protected":false},"author":5,"featured_media":0,"parent":0,"menu_order":0,"comment_status":"closed","ping_status":"closed","template":"","meta":{"_acf_changed":false,"_monsterinsights_skip_tracking":false,"_monsterinsights_sitenote_active":false,"_monsterinsights_sitenote_note":"","_monsterinsights_sitenote_category":0,"footnotes":""},"class_list":["post-54","page","type-page","status-publish","hentry"],"acf":[],"yoast_head":"<!-- This site is optimized with the Yoast SEO plugin v27.3 - https:\/\/yoast.com\/product\/yoast-seo-wordpress\/ -->\n<title>Soutenez-nous - Solidarit\u00e9S Neuch\u00e2tel<\/title>\n<meta name=\"robots\" content=\"index, follow, max-snippet:-1, max-image-preview:large, max-video-preview:-1\" \/>\n<link rel=\"canonical\" href=\"https:\/\/solidarites.ch\/ne\/soutenez-nous\/\" \/>\n<meta property=\"og:locale\" content=\"fr_FR\" \/>\n<meta property=\"og:type\" content=\"article\" \/>\n<meta property=\"og:title\" content=\"Soutenez-nous - Solidarit\u00e9S Neuch\u00e2tel\" \/>\n<meta property=\"og:description\" content=\"La lutte se fait par les moyens de l&rsquo;\u00e9poque. Hormis, la pr\u00e9sence sur le terrain, la disponibilit\u00e9 pour nos actions, la cr\u00e9ativit\u00e9 pour imaginer un autre monde meilleur, le soutien financier est aujourd&rsquo;hui encore n\u00e9cessaire. Merci pour vos dons ! CCP : 20-6305-2 IBAN : CH96 0900 0000 2000 6305 2 solidarit\u00e9S 2000 Neuch\u00e2tel\" \/>\n<meta property=\"og:url\" content=\"https:\/\/solidarites.ch\/ne\/soutenez-nous\/\" \/>\n<meta property=\"og:site_name\" content=\"Solidarit\u00e9S Neuch\u00e2tel\" \/>\n<meta property=\"article:modified_time\" content=\"2020-01-09T20:37:43+00:00\" \/>\n<meta name=\"twitter:card\" content=\"summary_large_image\" \/>\n<script type=\"application\/ld+json\" class=\"yoast-schema-graph\">{\"@context\":\"https:\\\/\\\/schema.org\",\"@graph\":[{\"@type\":\"WebPage\",\"@id\":\"https:\\\/\\\/solidarites.ch\\\/ne\\\/soutenez-nous\\\/\",\"url\":\"https:\\\/\\\/solidarites.ch\\\/ne\\\/soutenez-nous\\\/\",\"name\":\"Soutenez-nous - Solidarit\u00e9S Neuch\u00e2tel\",\"isPartOf\":{\"@id\":\"https:\\\/\\\/solidarites.ch\\\/ne\\\/#website\"},\"datePublished\":\"2020-01-07T15:44:23+00:00\",\"dateModified\":\"2020-01-09T20:37:43+00:00\",\"breadcrumb\":{\"@id\":\"https:\\\/\\\/solidarites.ch\\\/ne\\\/soutenez-nous\\\/#breadcrumb\"},\"inLanguage\":\"fr-FR\",\"potentialAction\":[{\"@type\":\"ReadAction\",\"target\":[\"https:\\\/\\\/solidarites.ch\\\/ne\\\/soutenez-nous\\\/\"]}]},{\"@type\":\"BreadcrumbList\",\"@id\":\"https:\\\/\\\/solidarites.ch\\\/ne\\\/soutenez-nous\\\/#breadcrumb\",\"itemListElement\":[{\"@type\":\"ListItem\",\"position\":1,\"name\":\"Accueil\",\"item\":\"https:\\\/\\\/solidarites.ch\\\/ne\\\/\"},{\"@type\":\"ListItem\",\"position\":2,\"name\":\"Soutenez-nous\"}]},{\"@type\":\"WebSite\",\"@id\":\"https:\\\/\\\/solidarites.ch\\\/ne\\\/#website\",\"url\":\"https:\\\/\\\/solidarites.ch\\\/ne\\\/\",\"name\":\"Solidarit\u00e9S Neuch\u00e2tel\",\"description\":\"S&#039;organiser&lt;br&gt;pour&lt;br&gt;changer&lt;br&gt;le monde\",\"potentialAction\":[{\"@type\":\"SearchAction\",\"target\":{\"@type\":\"EntryPoint\",\"urlTemplate\":\"https:\\\/\\\/solidarites.ch\\\/ne\\\/?s={search_term_string}\"},\"query-input\":{\"@type\":\"PropertyValueSpecification\",\"valueRequired\":true,\"valueName\":\"search_term_string\"}}],\"inLanguage\":\"fr-FR\"}]}<\/script>\n<!-- \/ Yoast SEO plugin. -->","yoast_head_json":{"title":"Soutenez-nous - Solidarit\u00e9S Neuch\u00e2tel","robots":{"index":"index","follow":"follow","max-snippet":"max-snippet:-1","max-image-preview":"max-image-preview:large","max-video-preview":"max-video-preview:-1"},"canonical":"https:\/\/solidarites.ch\/ne\/soutenez-nous\/","og_locale":"fr_FR","og_type":"article","og_title":"Soutenez-nous - Solidarit\u00e9S Neuch\u00e2tel","og_description":"La lutte se fait par les moyens de l&rsquo;\u00e9poque. Hormis, la pr\u00e9sence sur le terrain, la disponibilit\u00e9 pour nos actions, la cr\u00e9ativit\u00e9 pour imaginer un autre monde meilleur, le soutien financier est aujourd&rsquo;hui encore n\u00e9cessaire. Merci pour vos dons ! CCP : 20-6305-2 IBAN : CH96 0900 0000 2000 6305 2 solidarit\u00e9S 2000 Neuch\u00e2tel","og_url":"https:\/\/solidarites.ch\/ne\/soutenez-nous\/","og_site_name":"Solidarit\u00e9S Neuch\u00e2tel","article_modified_time":"2020-01-09T20:37:43+00:00","twitter_card":"summary_large_image","schema":{"@context":"https:\/\/schema.org","@graph":[{"@type":"WebPage","@id":"https:\/\/solidarites.ch\/ne\/soutenez-nous\/","url":"https:\/\/solidarites.ch\/ne\/soutenez-nous\/","name":"Soutenez-nous - Solidarit\u00e9S Neuch\u00e2tel","isPartOf":{"@id":"https:\/\/solidarites.ch\/ne\/#website"},"datePublished":"2020-01-07T15:44:23+00:00","dateModified":"2020-01-09T20:37:43+00:00","breadcrumb":{"@id":"https:\/\/solidarites.ch\/ne\/soutenez-nous\/#breadcrumb"},"inLanguage":"fr-FR","potentialAction":[{"@type":"ReadAction","target":["https:\/\/solidarites.ch\/ne\/soutenez-nous\/"]}]},{"@type":"BreadcrumbList","@id":"https:\/\/solidarites.ch\/ne\/soutenez-nous\/#breadcrumb","itemListElement":[{"@type":"ListItem","position":1,"name":"Accueil","item":"https:\/\/solidarites.ch\/ne\/"},{"@type":"ListItem","position":2,"name":"Soutenez-nous"}]},{"@type":"WebSite","@id":"https:\/\/solidarites.ch\/ne\/#website","url":"https:\/\/solidarites.ch\/ne\/","name":"Solidarit\u00e9S Neuch\u00e2tel","description":"S&#039;organiser&lt;br&gt;pour&lt;br&gt;changer&lt;br&gt;le monde","potentialAction":[{"@type":"SearchAction","target":{"@type":"EntryPoint","urlTemplate":"https:\/\/solidarites.ch\/ne\/?s={search_term_string}"},"query-input":{"@type":"PropertyValueSpecification","valueRequired":true,"valueName":"search_term_string"}}],"inLanguage":"fr-FR"}]}},"distributor_meta":false,"distributor_terms":false,"distributor_media":false,"distributor_original_site_name":"Solidarit\u00e9S Neuch\u00e2tel","distributor_original_site_url":"https:\/\/solidarites.ch\/ne","push-errors":false,"_links":{"self":[{"href":"https:\/\/solidarites.ch\/ne\/wp-json\/wp\/v2\/pages\/54","targetHints":{"allow":["GET"]}}],"collection":[{"href":"https:\/\/solidarites.ch\/ne\/wp-json\/wp\/v2\/pages"}],"about":[{"href":"https:\/\/solidarites.ch\/ne\/wp-json\/wp\/v2\/types\/page"}],"author":[{"embeddable":true,"href":"https:\/\/solidarites.ch\/ne\/wp-json\/wp\/v2\/users\/5"}],"replies":[{"embeddable":true,"href":"https:\/\/solidarites.ch\/ne\/wp-json\/wp\/v2\/comments?post=54"}],"version-history":[{"count":2,"href":"https:\/\/solidarites.ch\/ne\/wp-json\/wp\/v2\/pages\/54\/revisions"}],"predecessor-version":[{"id":166,"href":"https:\/\/solidarites.ch\/ne\/wp-json\/wp\/v2\/pages\/54\/revisions\/166"}],"wp:attachment":[{"href":"https:\/\/solidarites.ch\/ne\/wp-json\/wp\/v2\/media?parent=54"}],"curies":[{"name":"wp","href":"https:\/\/api.w.org\/{rel}","templated":true}]}}