{"id":1691,"date":"2019-12-13T11:20:03","date_gmt":"2019-12-13T10:20:03","guid":{"rendered":"https:\/\/www.solidarites.ch\/vaud\/?page_id=1691"},"modified":"2019-12-13T11:20:04","modified_gmt":"2019-12-13T10:20:04","slug":"recherche","status":"publish","type":"page","link":"https:\/\/solidarites.ch\/vaud\/recherche\/","title":{"rendered":"Recherche"},"content":{"rendered":"","protected":false},"excerpt":{"rendered":"","protected":false},"author":1,"featured_media":0,"parent":0,"menu_order":0,"comment_status":"closed","ping_status":"closed","template":"","meta":{"_acf_changed":false,"_monsterinsights_skip_tracking":false,"_monsterinsights_sitenote_active":false,"_monsterinsights_sitenote_note":"","_monsterinsights_sitenote_category":0,"footnotes":""},"class_list":["post-1691","page","type-page","status-publish","hentry"],"acf":[],"yoast_head":"<!-- This site is optimized with the Yoast SEO plugin v27.3 - https:\/\/yoast.com\/product\/yoast-seo-wordpress\/ -->\n<title>Recherche &#8211; solidarit\u00e9S Vaud<\/title>\n<meta name=\"robots\" content=\"index, follow, max-snippet:-1, max-image-preview:large, max-video-preview:-1\" \/>\n<link rel=\"canonical\" href=\"https:\/\/solidarites.ch\/vaud\/recherche\/\" \/>\n<meta property=\"og:locale\" content=\"fr_FR\" \/>\n<meta property=\"og:type\" content=\"article\" \/>\n<meta property=\"og:title\" content=\"Recherche &#8211; solidarit\u00e9S Vaud\" \/>\n<meta property=\"og:url\" content=\"https:\/\/solidarites.ch\/vaud\/recherche\/\" \/>\n<meta property=\"og:site_name\" content=\"solidarit\u00e9S Vaud\" \/>\n<meta property=\"article:publisher\" content=\"https:\/\/www.facebook.com\/solidarites.vaud\/\" \/>\n<meta property=\"article:modified_time\" content=\"2019-12-13T10:20:04+00:00\" \/>\n<meta property=\"og:image\" content=\"https:\/\/solidarites.ch\/vaud\/wp-content\/uploads\/sites\/3\/2020\/01\/sol_VD_Pos_RVB.png\" \/>\n\t<meta property=\"og:image:width\" content=\"1024\" \/>\n\t<meta property=\"og:image:height\" content=\"409\" \/>\n\t<meta property=\"og:image:type\" content=\"image\/png\" \/>\n<meta name=\"twitter:card\" content=\"summary_large_image\" \/>\n<meta name=\"twitter:site\" content=\"@solidariteSvaud\" \/>\n<script type=\"application\/ld+json\" class=\"yoast-schema-graph\">{\"@context\":\"https:\\\/\\\/schema.org\",\"@graph\":[{\"@type\":\"WebPage\",\"@id\":\"https:\\\/\\\/solidarites.ch\\\/vaud\\\/recherche\\\/\",\"url\":\"https:\\\/\\\/solidarites.ch\\\/vaud\\\/recherche\\\/\",\"name\":\"Recherche &#8211; solidarit\u00e9S Vaud\",\"isPartOf\":{\"@id\":\"https:\\\/\\\/solidarites.ch\\\/vaud\\\/#website\"},\"datePublished\":\"2019-12-13T10:20:03+00:00\",\"dateModified\":\"2019-12-13T10:20:04+00:00\",\"breadcrumb\":{\"@id\":\"https:\\\/\\\/solidarites.ch\\\/vaud\\\/recherche\\\/#breadcrumb\"},\"inLanguage\":\"fr-FR\",\"potentialAction\":[{\"@type\":\"ReadAction\",\"target\":[\"https:\\\/\\\/solidarites.ch\\\/vaud\\\/recherche\\\/\"]}]},{\"@type\":\"BreadcrumbList\",\"@id\":\"https:\\\/\\\/solidarites.ch\\\/vaud\\\/recherche\\\/#breadcrumb\",\"itemListElement\":[{\"@type\":\"ListItem\",\"position\":1,\"name\":\"Accueil\",\"item\":\"https:\\\/\\\/solidarites.ch\\\/vaud\\\/\"},{\"@type\":\"ListItem\",\"position\":2,\"name\":\"Recherche\"}]},{\"@type\":\"WebSite\",\"@id\":\"https:\\\/\\\/solidarites.ch\\\/vaud\\\/#website\",\"url\":\"https:\\\/\\\/solidarites.ch\\\/vaud\\\/\",\"name\":\"solidarit\u00e9S Vaud\",\"description\":\"Un mouvement &lt;br&gt;anticapitaliste, &lt;br&gt;f\u00e9ministe, &lt;br&gt;\u00e9cosocialiste et &lt;br&gt; antiraciste\",\"publisher\":{\"@id\":\"https:\\\/\\\/solidarites.ch\\\/vaud\\\/#organization\"},\"potentialAction\":[{\"@type\":\"SearchAction\",\"target\":{\"@type\":\"EntryPoint\",\"urlTemplate\":\"https:\\\/\\\/solidarites.ch\\\/vaud\\\/?s={search_term_string}\"},\"query-input\":{\"@type\":\"PropertyValueSpecification\",\"valueRequired\":true,\"valueName\":\"search_term_string\"}}],\"inLanguage\":\"fr-FR\"},{\"@type\":\"Organization\",\"@id\":\"https:\\\/\\\/solidarites.ch\\\/vaud\\\/#organization\",\"name\":\"solidarit\u00e9S Vaud\",\"url\":\"https:\\\/\\\/solidarites.ch\\\/vaud\\\/\",\"logo\":{\"@type\":\"ImageObject\",\"inLanguage\":\"fr-FR\",\"@id\":\"https:\\\/\\\/solidarites.ch\\\/vaud\\\/#\\\/schema\\\/logo\\\/image\\\/\",\"url\":\"https:\\\/\\\/solidarites.ch\\\/vaud\\\/wp-content\\\/uploads\\\/sites\\\/3\\\/2020\\\/01\\\/sol_VD_Pos_RVB.png\",\"contentUrl\":\"https:\\\/\\\/solidarites.ch\\\/vaud\\\/wp-content\\\/uploads\\\/sites\\\/3\\\/2020\\\/01\\\/sol_VD_Pos_RVB.png\",\"width\":1024,\"height\":409,\"caption\":\"solidarit\u00e9S Vaud\"},\"image\":{\"@id\":\"https:\\\/\\\/solidarites.ch\\\/vaud\\\/#\\\/schema\\\/logo\\\/image\\\/\"},\"sameAs\":[\"https:\\\/\\\/www.facebook.com\\\/solidarites.vaud\\\/\",\"https:\\\/\\\/x.com\\\/solidariteSvaud\",\"https:\\\/\\\/www.instagram.com\\\/solidarites_vaud\\\/\",\"https:\\\/\\\/www.youtube.com\\\/channel\\\/UCL1HKEFgISBtzQgDAlQKKIA\"]}]}<\/script>\n<!-- \/ Yoast SEO plugin. -->","yoast_head_json":{"title":"Recherche &#8211; solidarit\u00e9S Vaud","robots":{"index":"index","follow":"follow","max-snippet":"max-snippet:-1","max-image-preview":"max-image-preview:large","max-video-preview":"max-video-preview:-1"},"canonical":"https:\/\/solidarites.ch\/vaud\/recherche\/","og_locale":"fr_FR","og_type":"article","og_title":"Recherche &#8211; solidarit\u00e9S Vaud","og_url":"https:\/\/solidarites.ch\/vaud\/recherche\/","og_site_name":"solidarit\u00e9S Vaud","article_publisher":"https:\/\/www.facebook.com\/solidarites.vaud\/","article_modified_time":"2019-12-13T10:20:04+00:00","og_image":[{"width":1024,"height":409,"url":"https:\/\/solidarites.ch\/vaud\/wp-content\/uploads\/sites\/3\/2020\/01\/sol_VD_Pos_RVB.png","type":"image\/png"}],"twitter_card":"summary_large_image","twitter_site":"@solidariteSvaud","schema":{"@context":"https:\/\/schema.org","@graph":[{"@type":"WebPage","@id":"https:\/\/solidarites.ch\/vaud\/recherche\/","url":"https:\/\/solidarites.ch\/vaud\/recherche\/","name":"Recherche &#8211; solidarit\u00e9S Vaud","isPartOf":{"@id":"https:\/\/solidarites.ch\/vaud\/#website"},"datePublished":"2019-12-13T10:20:03+00:00","dateModified":"2019-12-13T10:20:04+00:00","breadcrumb":{"@id":"https:\/\/solidarites.ch\/vaud\/recherche\/#breadcrumb"},"inLanguage":"fr-FR","potentialAction":[{"@type":"ReadAction","target":["https:\/\/solidarites.ch\/vaud\/recherche\/"]}]},{"@type":"BreadcrumbList","@id":"https:\/\/solidarites.ch\/vaud\/recherche\/#breadcrumb","itemListElement":[{"@type":"ListItem","position":1,"name":"Accueil","item":"https:\/\/solidarites.ch\/vaud\/"},{"@type":"ListItem","position":2,"name":"Recherche"}]},{"@type":"WebSite","@id":"https:\/\/solidarites.ch\/vaud\/#website","url":"https:\/\/solidarites.ch\/vaud\/","name":"solidarit\u00e9S Vaud","description":"Un mouvement &lt;br&gt;anticapitaliste, &lt;br&gt;f\u00e9ministe, &lt;br&gt;\u00e9cosocialiste et &lt;br&gt; antiraciste","publisher":{"@id":"https:\/\/solidarites.ch\/vaud\/#organization"},"potentialAction":[{"@type":"SearchAction","target":{"@type":"EntryPoint","urlTemplate":"https:\/\/solidarites.ch\/vaud\/?s={search_term_string}"},"query-input":{"@type":"PropertyValueSpecification","valueRequired":true,"valueName":"search_term_string"}}],"inLanguage":"fr-FR"},{"@type":"Organization","@id":"https:\/\/solidarites.ch\/vaud\/#organization","name":"solidarit\u00e9S Vaud","url":"https:\/\/solidarites.ch\/vaud\/","logo":{"@type":"ImageObject","inLanguage":"fr-FR","@id":"https:\/\/solidarites.ch\/vaud\/#\/schema\/logo\/image\/","url":"https:\/\/solidarites.ch\/vaud\/wp-content\/uploads\/sites\/3\/2020\/01\/sol_VD_Pos_RVB.png","contentUrl":"https:\/\/solidarites.ch\/vaud\/wp-content\/uploads\/sites\/3\/2020\/01\/sol_VD_Pos_RVB.png","width":1024,"height":409,"caption":"solidarit\u00e9S Vaud"},"image":{"@id":"https:\/\/solidarites.ch\/vaud\/#\/schema\/logo\/image\/"},"sameAs":["https:\/\/www.facebook.com\/solidarites.vaud\/","https:\/\/x.com\/solidariteSvaud","https:\/\/www.instagram.com\/solidarites_vaud\/","https:\/\/www.youtube.com\/channel\/UCL1HKEFgISBtzQgDAlQKKIA"]}]}},"distributor_meta":false,"distributor_terms":false,"distributor_media":false,"distributor_original_site_name":"solidarit\u00e9S Vaud","distributor_original_site_url":"https:\/\/solidarites.ch\/vaud","push-errors":false,"_links":{"self":[{"href":"https:\/\/solidarites.ch\/vaud\/wp-json\/wp\/v2\/pages\/1691","targetHints":{"allow":["GET"]}}],"collection":[{"href":"https:\/\/solidarites.ch\/vaud\/wp-json\/wp\/v2\/pages"}],"about":[{"href":"https:\/\/solidarites.ch\/vaud\/wp-json\/wp\/v2\/types\/page"}],"author":[{"embeddable":true,"href":"https:\/\/solidarites.ch\/vaud\/wp-json\/wp\/v2\/users\/1"}],"replies":[{"embeddable":true,"href":"https:\/\/solidarites.ch\/vaud\/wp-json\/wp\/v2\/comments?post=1691"}],"version-history":[{"count":1,"href":"https:\/\/solidarites.ch\/vaud\/wp-json\/wp\/v2\/pages\/1691\/revisions"}],"predecessor-version":[{"id":1692,"href":"https:\/\/solidarites.ch\/vaud\/wp-json\/wp\/v2\/pages\/1691\/revisions\/1692"}],"wp:attachment":[{"href":"https:\/\/solidarites.ch\/vaud\/wp-json\/wp\/v2\/media?parent=1691"}],"curies":[{"name":"wp","href":"https:\/\/api.w.org\/{rel}","templated":true}]}}