{"id":1871,"date":"2019-12-19T18:18:55","date_gmt":"2019-12-19T17:18:55","guid":{"rendered":"https:\/\/solidarites.ch\/vaud\/?page_id=1871"},"modified":"2026-02-26T16:37:25","modified_gmt":"2026-02-26T15:37:25","slug":"soutenez-nous","status":"publish","type":"page","link":"https:\/\/solidarites.ch\/vaud\/soutenez-nous\/","title":{"rendered":"Soutenez-nous! Faites un don!"},"content":{"rendered":"\n<figure class=\"wp-block-image size-full\"><img decoding=\"async\" src=\"https:\/\/solidarites.ch\/vaud\/wp-content\/uploads\/2019\/12\/solidariteS-manifestation-climat-berne-2019.jpg\" alt=\"solidarit\u00e9S \u00e0 la manifestation pour le climat, Berne septembre 2019\" class=\"wp-image-14735\"\/><figcaption class=\"wp-element-caption\">solidarit\u00e9S \u00e0 la manifestation pour le climat, Berne septembre 2019<\/figcaption>\n<div class='wp-description'><\/div><\/figure>\n\n\n<h2 class=\"wp-block-heading\"><strong>Ch\u00e8res et chers ami\u00b7e\u00b7s et sympathisant\u00b7e\u00b7s,<\/strong><\/h2>\n\n\n\n<p><\/p>\n\n\n\n<p>Vous \u00eates toujours plus nombreux-ses \u00e0 nous suivre et \u00e0 participer \u00e0 nos activit\u00e9s. solidarit\u00e9S Vaud s\u2019\u00e9largit chaque ann\u00e9e et joue un r\u00f4le non n\u00e9gligeable dans la vie politique de notre canton, tant au sein des mouvements sociaux que des luttes des salari\u00e9\u00b7e\u00b7s ou dans les parlements.&nbsp;<\/p>\n\n\n\n<h2 class=\"wp-block-heading h2button\" onclick=\"document.querySelector('#header-don').scrollIntoView({ \n  behavior: 'smooth' \n});\"><a href=\"#header-don\">Faites un don \u00e0 solidarit\u00e9S Vaud !<\/a><\/h2>\n\n\n\n<p>solidarit\u00e9S c\u2019est d\u2019abord une force politique et militante. C\u2019est une force f\u00e9ministe et un soutien depuis toujours de la Gr\u00e8ve f\u00e9ministe. C\u2019est une force \u00e9cosocialiste qui se bat pour des transports publics gratuits ou un service public de l\u2019\u00e9nergie, qui soutien et s\u2019investit dans les mouvements climats. C\u2019est une force antiraciste qui se bat contre le d\u00e9lit de faci\u00e8s, les violences polici\u00e8res et pour une politique d\u2019accueil digne et humaine. C\u2019est une force internationaliste qui affirme sa solidarit\u00e9 avec tous les peuples en lutte, de l\u2019Ukraine \u00e0 la Palestine. C\u2019est une force solidaire qui a permis de d\u00e9poser une initiative pour un salaire minimum vaudois ou qui s\u2019oppose depuis longtemps aux cadeaux fiscaux pour les plus fortun\u00e9\u00b7exs et les grandes multinationales. C\u2019est une force unitaire qui a construit Ensemble \u00e0 Gauche, la coalition dynamique et combative qui fait exister l\u2019alternative \u00e0 la gauche de la gauche. Enfin, c\u2019est une force qui intervient par en bas, dans la rue, par des conf\u00e9rences, dans les collectifs, sur les lieux de travail et dans les syndicats pour construire une autre soci\u00e9t\u00e9.<\/p>\n\n\n\n<p>Dans un monde qui se r\u00e9chauffe, o\u00f9 l\u2019extr\u00eame droite engrange les succ\u00e8s et o\u00f9 le n\u00e9olib\u00e9ralisme dominant prend un tour toujours plus autoritaire, l\u2019heure est \u00e0 l\u2019unit\u00e9 dans la combativit\u00e9&nbsp;! Il est d\u2019autant plus important de faire front et de continuer \u00e0 faire entendre notre voix et celle d\u2019Ensemble \u00e0 Gauche. <\/p>\n\n\n\n<p>2025 s\u2019annonce \u00eatre l\u2019ann\u00e9e de la pr\u00e9paration des \u00e9lection communales de mars 2026, et celle de la votation sur notre initiative pour un salaire minimum vaudois. C\u2019est \u00e9galement l\u2019ann\u00e9e de reprise de notre Universit\u00e9 de printemps, dont la derni\u00e8re remonte \u00e0 2019&nbsp;! Cet \u00e9v\u00e9nement permettant de discuter et de d\u00e9battre collectivement est une \u00e9ch\u00e9ance importante pour lancer et mener des campagnes \u00e0 l\u2019\u00e9chelle nationale.&nbsp;<\/p>\n\n\n\n<h2 class=\"wp-block-heading h2button\" onclick=\"document.querySelector('#header-don').scrollIntoView({ \n  behavior: 'smooth' \n});\">Faites un don \u00e0 solidarit\u00e9S Vaud !<\/h2>\n\n\n\n<p>Pour remplir tous nos engagements et poursuivre le d\u00e9veloppement de notre section, nous avons besoin de ressources financi\u00e8res. Nous requ\u00e9rons donc votre soutien&nbsp;!&nbsp;&nbsp;solidarit\u00e9S n\u2019a ni l\u2019appui des lobbies ni celui des plus fortun\u00e9\u00b7e\u00b7s. Ce sont les cotisations et les dons de nos membres et de nos sympathisant\u00b7e\u00b7s qui garantissent notre ind\u00e9pendance politique.&nbsp;<\/p>\n\n\n\n<p>L\u2019engagement financier est tout aussi important que l\u2019activit\u00e9 militante pour avancer vers une soci\u00e9t\u00e9 plus solidaire. Contribution unique ou r\u00e9guli\u00e8re, tout est possible ! 5 francs, 20, 100, 200, 500, 1000 voire 10 000 francs si le c\u0153ur vous en dit !&nbsp;<\/p>\n\n\n\n<p>Nous vous remercions chaleureusement et par avance pour votre soutien et en profitons pour vous souhaiter une belle fin d\u2019ann\u00e9e, sous le signe de l\u2019espoir d\u2019un monde meilleur.&nbsp;<\/p>\n\n\n\n<p><\/p>\n\n\n\n<p class=\"has-small-font-size\"><strong>Le secr\u00e9tariat cantonal<\/strong><br><\/p>\n\n\n\n<h2 class=\"wp-block-heading\" id=\"header-don\">Faites votre don utilisant ce formulaire:<\/h2>\n\n\n\n<div id=\"rnw-solution-embed-gjmkc\" style=\"width: 100%; margin: 0 auto; max-width: 580px;\"><\/div>\n<script type=\"module\">\n  import {SolutionEmbed} from \"https:\/\/cdn.jsdelivr.net\/npm\/@raisenow\/solution-embed@1\/dist\/index.js\"\n  SolutionEmbed.render(\"#rnw-solution-embed-gjmkc\", {\n    \"url\": \"https:\/\/donate.raisenow.io\/gjmkc\",\n    \"info\": false,\n  })\n<\/script>\n\n\n\n<h2 class=\"wp-block-heading\">ou par virement bancaire:<\/h2>\n\n\n\n<figure class=\"wp-block-table\"><table><tbody><tr><td><strong>CCP<\/strong><\/td><td><strong>17\u2014783321\u20142<\/strong><\/td><\/tr><tr><td><strong>IBAN <\/strong><\/td><td><strong>CH40 0900 0000 1778 3321 2<\/strong><\/td><\/tr><tr><td><strong>En faveur de<\/strong><\/td><td><strong>solidarit\u00e9S Vaud<\/strong><\/td><\/tr><tr><td><\/td><td><strong>Place Chauderon<\/strong> <strong>5<\/strong><\/td><\/tr><tr><td><\/td><td><strong>1003 Lausanne<\/strong><\/td><\/tr><tr><td><strong>Mention<\/strong><\/td><td><strong>\u00abDon\u00bb<\/strong><\/td><\/tr><\/tbody><\/table><\/figure>\n\n\n\n<figure class=\"wp-block-image size-large\"><img decoding=\"async\" src=\"https:\/\/solidarites.ch\/vaud\/wp-content\/uploads\/2019\/12\/solidariteS-greve-feministe-lausanne-2019-1024x771.jpg\" alt=\"solidariteS lors de la gr\u00e8ve f\u00e9ministe, Lausanne 14 juin 2019\" class=\"wp-image-14737\"\/><figcaption class=\"wp-element-caption\">solidariteS lors de la gr\u00e8ve f\u00e9ministe, Lausanne 14 juin 2019<\/figcaption>\n<div class='wp-description'><\/div><\/figure>","protected":false},"excerpt":{"rendered":"<p>Ch\u00e8res et chers ami\u00b7e\u00b7s et sympathisant\u00b7e\u00b7s, Vous \u00eates toujours plus nombreux-ses \u00e0 nous suivre et \u00e0 participer \u00e0 nos activit\u00e9s. solidarit\u00e9S Vaud s\u2019\u00e9largit chaque ann\u00e9e et joue un r\u00f4le non n\u00e9gligeable dans la vie politique de notre canton, tant au sein des mouvements sociaux que des luttes des salari\u00e9\u00b7e\u00b7s ou dans les parlements.&nbsp; Faites un &hellip; <a href=\"https:\/\/solidarites.ch\/vaud\/soutenez-nous\/\">Continued<\/a><\/p>\n","protected":false},"author":3,"featured_media":2151,"parent":0,"menu_order":0,"comment_status":"closed","ping_status":"closed","template":"","meta":{"_acf_changed":false,"_monsterinsights_skip_tracking":false,"_monsterinsights_sitenote_active":false,"_monsterinsights_sitenote_note":"","_monsterinsights_sitenote_category":0,"footnotes":""},"class_list":["post-1871","page","type-page","status-publish","has-post-thumbnail","hentry"],"acf":[],"yoast_head":"<!-- This site is optimized with the Yoast SEO plugin v27.4 - https:\/\/yoast.com\/product\/yoast-seo-wordpress\/ -->\n<title>Soutenez-nous! Faites un don! &#8211; solidarit\u00e9S Vaud<\/title>\n<meta name=\"robots\" content=\"index, follow, max-snippet:-1, max-image-preview:large, max-video-preview:-1\" \/>\n<link rel=\"canonical\" href=\"https:\/\/solidarites.ch\/vaud\/soutenez-nous\/\" \/>\n<meta property=\"og:locale\" content=\"fr_FR\" \/>\n<meta property=\"og:type\" content=\"article\" \/>\n<meta property=\"og:title\" content=\"Soutenez-nous! Faites un don! &#8211; solidarit\u00e9S Vaud\" \/>\n<meta property=\"og:description\" content=\"Ch\u00e8res et chers ami\u00b7e\u00b7s et sympathisant\u00b7e\u00b7s, Vous \u00eates toujours plus nombreux-ses \u00e0 nous suivre et \u00e0 participer \u00e0 nos activit\u00e9s. solidarit\u00e9S Vaud s\u2019\u00e9largit chaque ann\u00e9e et joue un r\u00f4le non n\u00e9gligeable dans la vie politique de notre canton, tant au sein des mouvements sociaux que des luttes des salari\u00e9\u00b7e\u00b7s ou dans les parlements.&nbsp; Faites un &hellip; Continued\" \/>\n<meta property=\"og:url\" content=\"https:\/\/solidarites.ch\/vaud\/soutenez-nous\/\" \/>\n<meta property=\"og:site_name\" content=\"solidarit\u00e9S Vaud\" \/>\n<meta property=\"article:publisher\" content=\"https:\/\/www.facebook.com\/solidarites.vaud\/\" \/>\n<meta property=\"article:modified_time\" content=\"2026-02-26T15:37:25+00:00\" \/>\n<meta property=\"og:image\" content=\"https:\/\/solidarites.ch\/vaud\/wp-content\/uploads\/sites\/3\/2020\/03\/33037481_2493126500711932_1406404366973272064_o-1.jpg\" \/>\n\t<meta property=\"og:image:width\" content=\"2048\" \/>\n\t<meta property=\"og:image:height\" content=\"1365\" \/>\n\t<meta property=\"og:image:type\" content=\"image\/jpeg\" \/>\n<meta name=\"twitter:card\" content=\"summary_large_image\" \/>\n<meta name=\"twitter:image\" content=\"https:\/\/solidarites.ch\/vaud\/wp-content\/uploads\/sites\/3\/2020\/03\/33037481_2493126500711932_1406404366973272064_o-1.jpg\" \/>\n<meta name=\"twitter:site\" content=\"@solidariteSvaud\" \/>\n<meta name=\"twitter:label1\" content=\"Dur\u00e9e de lecture estim\u00e9e\" \/>\n\t<meta name=\"twitter:data1\" content=\"4 minutes\" \/>\n<script type=\"application\/ld+json\" class=\"yoast-schema-graph\">{\"@context\":\"https:\\\/\\\/schema.org\",\"@graph\":[{\"@type\":\"WebPage\",\"@id\":\"https:\\\/\\\/solidarites.ch\\\/vaud\\\/soutenez-nous\\\/\",\"url\":\"https:\\\/\\\/solidarites.ch\\\/vaud\\\/soutenez-nous\\\/\",\"name\":\"Soutenez-nous! Faites un don! &#8211; solidarit\u00e9S Vaud\",\"isPartOf\":{\"@id\":\"https:\\\/\\\/solidarites.ch\\\/vaud\\\/#website\"},\"primaryImageOfPage\":{\"@id\":\"https:\\\/\\\/solidarites.ch\\\/vaud\\\/soutenez-nous\\\/#primaryimage\"},\"image\":{\"@id\":\"https:\\\/\\\/solidarites.ch\\\/vaud\\\/soutenez-nous\\\/#primaryimage\"},\"thumbnailUrl\":\"https:\\\/\\\/solidarites.ch\\\/vaud\\\/wp-content\\\/uploads\\\/sites\\\/3\\\/2020\\\/03\\\/33037481_2493126500711932_1406404366973272064_o.jpg\",\"datePublished\":\"2019-12-19T17:18:55+00:00\",\"dateModified\":\"2026-02-26T15:37:25+00:00\",\"breadcrumb\":{\"@id\":\"https:\\\/\\\/solidarites.ch\\\/vaud\\\/soutenez-nous\\\/#breadcrumb\"},\"inLanguage\":\"fr-FR\",\"potentialAction\":[{\"@type\":\"ReadAction\",\"target\":[\"https:\\\/\\\/solidarites.ch\\\/vaud\\\/soutenez-nous\\\/\"]}]},{\"@type\":\"ImageObject\",\"inLanguage\":\"fr-FR\",\"@id\":\"https:\\\/\\\/solidarites.ch\\\/vaud\\\/soutenez-nous\\\/#primaryimage\",\"url\":\"https:\\\/\\\/solidarites.ch\\\/vaud\\\/wp-content\\\/uploads\\\/sites\\\/3\\\/2020\\\/03\\\/33037481_2493126500711932_1406404366973272064_o.jpg\",\"contentUrl\":\"https:\\\/\\\/solidarites.ch\\\/vaud\\\/wp-content\\\/uploads\\\/sites\\\/3\\\/2020\\\/03\\\/33037481_2493126500711932_1406404366973272064_o.jpg\",\"width\":2048,\"height\":1365,\"caption\":\"Nos vies valent plus que leurs profits. Manifestation contre Monsanto, Morges, 2018.\"},{\"@type\":\"BreadcrumbList\",\"@id\":\"https:\\\/\\\/solidarites.ch\\\/vaud\\\/soutenez-nous\\\/#breadcrumb\",\"itemListElement\":[{\"@type\":\"ListItem\",\"position\":1,\"name\":\"Accueil\",\"item\":\"https:\\\/\\\/solidarites.ch\\\/vaud\\\/\"},{\"@type\":\"ListItem\",\"position\":2,\"name\":\"Soutenez-nous! Faites un don!\"}]},{\"@type\":\"WebSite\",\"@id\":\"https:\\\/\\\/solidarites.ch\\\/vaud\\\/#website\",\"url\":\"https:\\\/\\\/solidarites.ch\\\/vaud\\\/\",\"name\":\"solidarit\u00e9S Vaud\",\"description\":\"Un mouvement &lt;br&gt;anticapitaliste, &lt;br&gt;f\u00e9ministe, &lt;br&gt;\u00e9cosocialiste et &lt;br&gt; antiraciste\",\"publisher\":{\"@id\":\"https:\\\/\\\/solidarites.ch\\\/vaud\\\/#organization\"},\"potentialAction\":[{\"@type\":\"SearchAction\",\"target\":{\"@type\":\"EntryPoint\",\"urlTemplate\":\"https:\\\/\\\/solidarites.ch\\\/vaud\\\/?s={search_term_string}\"},\"query-input\":{\"@type\":\"PropertyValueSpecification\",\"valueRequired\":true,\"valueName\":\"search_term_string\"}}],\"inLanguage\":\"fr-FR\"},{\"@type\":\"Organization\",\"@id\":\"https:\\\/\\\/solidarites.ch\\\/vaud\\\/#organization\",\"name\":\"solidarit\u00e9S Vaud\",\"url\":\"https:\\\/\\\/solidarites.ch\\\/vaud\\\/\",\"logo\":{\"@type\":\"ImageObject\",\"inLanguage\":\"fr-FR\",\"@id\":\"https:\\\/\\\/solidarites.ch\\\/vaud\\\/#\\\/schema\\\/logo\\\/image\\\/\",\"url\":\"https:\\\/\\\/solidarites.ch\\\/vaud\\\/wp-content\\\/uploads\\\/sites\\\/3\\\/2020\\\/01\\\/sol_VD_Pos_RVB.png\",\"contentUrl\":\"https:\\\/\\\/solidarites.ch\\\/vaud\\\/wp-content\\\/uploads\\\/sites\\\/3\\\/2020\\\/01\\\/sol_VD_Pos_RVB.png\",\"width\":1024,\"height\":409,\"caption\":\"solidarit\u00e9S Vaud\"},\"image\":{\"@id\":\"https:\\\/\\\/solidarites.ch\\\/vaud\\\/#\\\/schema\\\/logo\\\/image\\\/\"},\"sameAs\":[\"https:\\\/\\\/www.facebook.com\\\/solidarites.vaud\\\/\",\"https:\\\/\\\/x.com\\\/solidariteSvaud\",\"https:\\\/\\\/www.instagram.com\\\/solidarites_vaud\\\/\",\"https:\\\/\\\/www.youtube.com\\\/channel\\\/UCL1HKEFgISBtzQgDAlQKKIA\"]}]}<\/script>\n<!-- \/ Yoast SEO plugin. -->","yoast_head_json":{"title":"Soutenez-nous! Faites un don! &#8211; solidarit\u00e9S Vaud","robots":{"index":"index","follow":"follow","max-snippet":"max-snippet:-1","max-image-preview":"max-image-preview:large","max-video-preview":"max-video-preview:-1"},"canonical":"https:\/\/solidarites.ch\/vaud\/soutenez-nous\/","og_locale":"fr_FR","og_type":"article","og_title":"Soutenez-nous! Faites un don! &#8211; solidarit\u00e9S Vaud","og_description":"Ch\u00e8res et chers ami\u00b7e\u00b7s et sympathisant\u00b7e\u00b7s, Vous \u00eates toujours plus nombreux-ses \u00e0 nous suivre et \u00e0 participer \u00e0 nos activit\u00e9s. solidarit\u00e9S Vaud s\u2019\u00e9largit chaque ann\u00e9e et joue un r\u00f4le non n\u00e9gligeable dans la vie politique de notre canton, tant au sein des mouvements sociaux que des luttes des salari\u00e9\u00b7e\u00b7s ou dans les parlements.&nbsp; Faites un &hellip; Continued","og_url":"https:\/\/solidarites.ch\/vaud\/soutenez-nous\/","og_site_name":"solidarit\u00e9S Vaud","article_publisher":"https:\/\/www.facebook.com\/solidarites.vaud\/","article_modified_time":"2026-02-26T15:37:25+00:00","og_image":[{"width":2048,"height":1365,"url":"https:\/\/solidarites.ch\/vaud\/wp-content\/uploads\/sites\/3\/2020\/03\/33037481_2493126500711932_1406404366973272064_o-1.jpg","type":"image\/jpeg"}],"twitter_card":"summary_large_image","twitter_image":"https:\/\/solidarites.ch\/vaud\/wp-content\/uploads\/sites\/3\/2020\/03\/33037481_2493126500711932_1406404366973272064_o-1.jpg","twitter_site":"@solidariteSvaud","twitter_misc":{"Dur\u00e9e de lecture estim\u00e9e":"4 minutes"},"schema":{"@context":"https:\/\/schema.org","@graph":[{"@type":"WebPage","@id":"https:\/\/solidarites.ch\/vaud\/soutenez-nous\/","url":"https:\/\/solidarites.ch\/vaud\/soutenez-nous\/","name":"Soutenez-nous! Faites un don! &#8211; solidarit\u00e9S Vaud","isPartOf":{"@id":"https:\/\/solidarites.ch\/vaud\/#website"},"primaryImageOfPage":{"@id":"https:\/\/solidarites.ch\/vaud\/soutenez-nous\/#primaryimage"},"image":{"@id":"https:\/\/solidarites.ch\/vaud\/soutenez-nous\/#primaryimage"},"thumbnailUrl":"https:\/\/solidarites.ch\/vaud\/wp-content\/uploads\/sites\/3\/2020\/03\/33037481_2493126500711932_1406404366973272064_o.jpg","datePublished":"2019-12-19T17:18:55+00:00","dateModified":"2026-02-26T15:37:25+00:00","breadcrumb":{"@id":"https:\/\/solidarites.ch\/vaud\/soutenez-nous\/#breadcrumb"},"inLanguage":"fr-FR","potentialAction":[{"@type":"ReadAction","target":["https:\/\/solidarites.ch\/vaud\/soutenez-nous\/"]}]},{"@type":"ImageObject","inLanguage":"fr-FR","@id":"https:\/\/solidarites.ch\/vaud\/soutenez-nous\/#primaryimage","url":"https:\/\/solidarites.ch\/vaud\/wp-content\/uploads\/sites\/3\/2020\/03\/33037481_2493126500711932_1406404366973272064_o.jpg","contentUrl":"https:\/\/solidarites.ch\/vaud\/wp-content\/uploads\/sites\/3\/2020\/03\/33037481_2493126500711932_1406404366973272064_o.jpg","width":2048,"height":1365,"caption":"Nos vies valent plus que leurs profits. Manifestation contre Monsanto, Morges, 2018."},{"@type":"BreadcrumbList","@id":"https:\/\/solidarites.ch\/vaud\/soutenez-nous\/#breadcrumb","itemListElement":[{"@type":"ListItem","position":1,"name":"Accueil","item":"https:\/\/solidarites.ch\/vaud\/"},{"@type":"ListItem","position":2,"name":"Soutenez-nous! Faites un don!"}]},{"@type":"WebSite","@id":"https:\/\/solidarites.ch\/vaud\/#website","url":"https:\/\/solidarites.ch\/vaud\/","name":"solidarit\u00e9S Vaud","description":"Un mouvement &lt;br&gt;anticapitaliste, &lt;br&gt;f\u00e9ministe, &lt;br&gt;\u00e9cosocialiste et &lt;br&gt; antiraciste","publisher":{"@id":"https:\/\/solidarites.ch\/vaud\/#organization"},"potentialAction":[{"@type":"SearchAction","target":{"@type":"EntryPoint","urlTemplate":"https:\/\/solidarites.ch\/vaud\/?s={search_term_string}"},"query-input":{"@type":"PropertyValueSpecification","valueRequired":true,"valueName":"search_term_string"}}],"inLanguage":"fr-FR"},{"@type":"Organization","@id":"https:\/\/solidarites.ch\/vaud\/#organization","name":"solidarit\u00e9S Vaud","url":"https:\/\/solidarites.ch\/vaud\/","logo":{"@type":"ImageObject","inLanguage":"fr-FR","@id":"https:\/\/solidarites.ch\/vaud\/#\/schema\/logo\/image\/","url":"https:\/\/solidarites.ch\/vaud\/wp-content\/uploads\/sites\/3\/2020\/01\/sol_VD_Pos_RVB.png","contentUrl":"https:\/\/solidarites.ch\/vaud\/wp-content\/uploads\/sites\/3\/2020\/01\/sol_VD_Pos_RVB.png","width":1024,"height":409,"caption":"solidarit\u00e9S Vaud"},"image":{"@id":"https:\/\/solidarites.ch\/vaud\/#\/schema\/logo\/image\/"},"sameAs":["https:\/\/www.facebook.com\/solidarites.vaud\/","https:\/\/x.com\/solidariteSvaud","https:\/\/www.instagram.com\/solidarites_vaud\/","https:\/\/www.youtube.com\/channel\/UCL1HKEFgISBtzQgDAlQKKIA"]}]}},"distributor_meta":false,"distributor_terms":false,"distributor_media":false,"distributor_original_site_name":"solidarit\u00e9S Vaud","distributor_original_site_url":"https:\/\/solidarites.ch\/vaud","push-errors":false,"_links":{"self":[{"href":"https:\/\/solidarites.ch\/vaud\/wp-json\/wp\/v2\/pages\/1871","targetHints":{"allow":["GET"]}}],"collection":[{"href":"https:\/\/solidarites.ch\/vaud\/wp-json\/wp\/v2\/pages"}],"about":[{"href":"https:\/\/solidarites.ch\/vaud\/wp-json\/wp\/v2\/types\/page"}],"author":[{"embeddable":true,"href":"https:\/\/solidarites.ch\/vaud\/wp-json\/wp\/v2\/users\/3"}],"replies":[{"embeddable":true,"href":"https:\/\/solidarites.ch\/vaud\/wp-json\/wp\/v2\/comments?post=1871"}],"version-history":[{"count":25,"href":"https:\/\/solidarites.ch\/vaud\/wp-json\/wp\/v2\/pages\/1871\/revisions"}],"predecessor-version":[{"id":2984,"href":"https:\/\/solidarites.ch\/vaud\/wp-json\/wp\/v2\/pages\/1871\/revisions\/2984"}],"wp:featuredmedia":[{"embeddable":true,"href":"https:\/\/solidarites.ch\/vaud\/wp-json\/wp\/v2\/media\/2151"}],"wp:attachment":[{"href":"https:\/\/solidarites.ch\/vaud\/wp-json\/wp\/v2\/media?parent=1871"}],"curies":[{"name":"wp","href":"https:\/\/api.w.org\/{rel}","templated":true}]}}