{"id":1885,"date":"2019-12-19T18:49:37","date_gmt":"2019-12-19T17:49:37","guid":{"rendered":"https:\/\/solidarites.ch\/vaud\/?page_id=1885"},"modified":"2019-12-19T18:51:29","modified_gmt":"2019-12-19T17:51:29","slug":"qui-sommes-nous","status":"publish","type":"page","link":"https:\/\/solidarites.ch\/vaud\/qui-sommes-nous\/","title":{"rendered":"Qui sommes-nous?"},"content":{"rendered":"\n<h2 class=\"is-style-chapeau wp-block-heading\"><strong>Solidarit\u00e9S est un mouvement politique anticapitaliste, f\u00e9ministe et \u00e9cosocialiste actif notamment \u00e0 Gen\u00e8ve, Vaud, Neuch\u00e2tel et Fribourg. Nous publions un bimensuel de 16 pages qui relate l\u2019actualit\u00e9 locale et internationale.\u00a0<\/strong><\/h2>\n\n\n\n<figure class=\"wp-block-image alignwide size-full\"><img decoding=\"async\" src=\"https:\/\/solidarites.ch\/vaud\/wp-content\/uploads\/2019\/12\/Manifestation-contre-le-glbal-commodities-summit-2018.jpg\" alt=\"Manifestation contre le 'Sommet mondial des mati\u00e8res premi\u00e8res (Global Commodities Summit), Lausanne, 19 mars 2018.\" class=\"wp-image-14739\"\/><figcaption>Manifestation contre le &lsquo;Sommet mondial des mati\u00e8res premi\u00e8res (Financial Times Global Commodities Summit), Lausanne, 19 mars 2018.<\/figcaption>\n<div class='wp-description'><\/div><\/figure>\n\n\n<p class=\"has-drop-cap\">Solidarit\u00e9S est un collectif compos\u00e9 de femmes et d\u2019hommes persuad\u00e9\u00b7e\u00b7s que la politique est \u00e0 la fois un champ de r\u00e9flexion et un terrain d\u2019action. C\u2019est dans cette rencontre entre th\u00e9orie et pratique que nous situons notre engagement. Notre collectif pr\u00e9conise la r\u00e9flexion, la discussion et l\u2019action ouvertes, bannissant tout sectarisme.<\/p>\n\n\n\n<p>Nous sommes&nbsp;<strong><span style=\"color:#cf2e2e\" class=\"color\">anticapitalistes<\/span>, <span style=\"color:#cf2e2e\" class=\"color\">internationalistes<\/span> et <span style=\"color:#cf2e2e\" class=\"color\">r\u00e9volutionnaires<\/span><\/strong>: notre refus de toutes les formes d\u2019exploitation et d\u2019oppression, o\u00f9 qu\u2019elles se situent dans le monde, implique la volont\u00e9 de rompre radicalement avec le capitalisme et appelle un projet de nouvelle soci\u00e9t\u00e9 \u00e0 construire, remettant en cause la dictature des int\u00e9r\u00eats d\u2019une petite minorit\u00e9.<\/p>\n\n\n\n<p>Nous sommes&nbsp;<strong><span style=\"color:#cf2e2e\" class=\"color\">f\u00e9ministes<\/span><\/strong>, car il ne pourra y avoir d\u2019\u00e9mancipation r\u00e9elle des femmes et des hommes sans remise en question de toutes les formes de domination masculine et d\u2019oppression patriarcale.<\/p>\n\n\n\n<p>Nous sommes&nbsp;<strong><span style=\"color:#cf2e2e\" class=\"color\">antiracistes<\/span><\/strong>, car le projet de soci\u00e9t\u00e9 pour lequel nous nous battons est radicalement incompatible avec un \u00e9tiquetage de l\u2019humanit\u00e9 en fonction de la nationalit\u00e9 ou de la \u00abrace\u00bb et de pr\u00e9tendues qualit\u00e9s ou d\u00e9fauts qui leur seraient li\u00e9s.<\/p>\n\n\n\n<p>Comme&nbsp;<strong><span style=\"color:#cf2e2e\" class=\"color\">\u00e9cosocialistes<\/span><\/strong>, nous participons \u00e0 toutes les luttes visant \u00e0 pr\u00e9server les ressources et les conditions naturelles n\u00e9cessaires \u00e0 la vie dans toute sa diversit\u00e9.<\/p>\n\n\n\n<p>Nous sommes conscient-e-s que le projet socialiste auquel nous voulons contribuer ne prendra corps qu\u2019\u00e0 travers le d\u00e9veloppement des luttes de tous les exploit\u00e9-e-s et opprim\u00e9-e-s, ainsi que par des \u00e9changes d\u2019exp\u00e9riences et des d\u00e9bats, \u00e0 l\u2019\u00e9chelle nationale et internationale.<\/p>\n\n\n\n<p>Vous pouvez consulter les diff\u00e9rents documents d&rsquo;orientation <a href=\"https:\/\/solidarites.ch\/a-propos\">sur notre site national<\/a>.<\/p>\n","protected":false},"excerpt":{"rendered":"<p>Solidarit\u00e9S est un mouvement politique anticapitaliste, f\u00e9ministe et \u00e9cosocialiste actif notamment \u00e0 Gen\u00e8ve, Vaud, Neuch\u00e2tel et Fribourg. Nous publions un bimensuel de 16 pages qui relate l\u2019actualit\u00e9 locale et internationale.\u00a0 Solidarit\u00e9S est un collectif compos\u00e9 de femmes et d\u2019hommes persuad\u00e9\u00b7e\u00b7s que la politique est \u00e0 la fois un champ de r\u00e9flexion et un terrain d\u2019action. &hellip; <a href=\"https:\/\/solidarites.ch\/vaud\/qui-sommes-nous\/\">Continued<\/a><\/p>\n","protected":false},"author":3,"featured_media":0,"parent":0,"menu_order":0,"comment_status":"closed","ping_status":"closed","template":"","meta":{"_acf_changed":false,"_monsterinsights_skip_tracking":false,"_monsterinsights_sitenote_active":false,"_monsterinsights_sitenote_note":"","_monsterinsights_sitenote_category":0,"footnotes":""},"class_list":["post-1885","page","type-page","status-publish","hentry"],"acf":[],"yoast_head":"<!-- This site is optimized with the Yoast SEO plugin v27.3 - https:\/\/yoast.com\/product\/yoast-seo-wordpress\/ -->\n<title>Qui sommes-nous? &#8211; solidarit\u00e9S Vaud<\/title>\n<meta name=\"robots\" content=\"index, follow, max-snippet:-1, max-image-preview:large, max-video-preview:-1\" \/>\n<link rel=\"canonical\" href=\"https:\/\/solidarites.ch\/vaud\/qui-sommes-nous\/\" \/>\n<meta property=\"og:locale\" content=\"fr_FR\" \/>\n<meta property=\"og:type\" content=\"article\" \/>\n<meta property=\"og:title\" content=\"Qui sommes-nous? &#8211; solidarit\u00e9S Vaud\" \/>\n<meta property=\"og:description\" content=\"Solidarit\u00e9S est un mouvement politique anticapitaliste, f\u00e9ministe et \u00e9cosocialiste actif notamment \u00e0 Gen\u00e8ve, Vaud, Neuch\u00e2tel et Fribourg. Nous publions un bimensuel de 16 pages qui relate l\u2019actualit\u00e9 locale et internationale.\u00a0 Solidarit\u00e9S est un collectif compos\u00e9 de femmes et d\u2019hommes persuad\u00e9\u00b7e\u00b7s que la politique est \u00e0 la fois un champ de r\u00e9flexion et un terrain d\u2019action. &hellip; Continued\" \/>\n<meta property=\"og:url\" content=\"https:\/\/solidarites.ch\/vaud\/qui-sommes-nous\/\" \/>\n<meta property=\"og:site_name\" content=\"solidarit\u00e9S Vaud\" \/>\n<meta property=\"article:publisher\" content=\"https:\/\/www.facebook.com\/solidarites.vaud\/\" \/>\n<meta property=\"article:modified_time\" content=\"2019-12-19T17:51:29+00:00\" \/>\n<meta property=\"og:image\" content=\"https:\/\/solidarites.ch\/vaud\/wp-content\/uploads\/2019\/12\/Manifestation-contre-le-glbal-commodities-summit-2018.jpg\" \/>\n<meta name=\"twitter:card\" content=\"summary_large_image\" \/>\n<meta name=\"twitter:site\" content=\"@solidariteSvaud\" \/>\n<meta name=\"twitter:label1\" content=\"Dur\u00e9e de lecture estim\u00e9e\" \/>\n\t<meta name=\"twitter:data1\" content=\"2 minutes\" \/>\n<script type=\"application\/ld+json\" class=\"yoast-schema-graph\">{\"@context\":\"https:\\\/\\\/schema.org\",\"@graph\":[{\"@type\":\"WebPage\",\"@id\":\"https:\\\/\\\/solidarites.ch\\\/vaud\\\/qui-sommes-nous\\\/\",\"url\":\"https:\\\/\\\/solidarites.ch\\\/vaud\\\/qui-sommes-nous\\\/\",\"name\":\"Qui sommes-nous? &#8211; solidarit\u00e9S Vaud\",\"isPartOf\":{\"@id\":\"https:\\\/\\\/solidarites.ch\\\/vaud\\\/#website\"},\"primaryImageOfPage\":{\"@id\":\"https:\\\/\\\/solidarites.ch\\\/vaud\\\/qui-sommes-nous\\\/#primaryimage\"},\"image\":{\"@id\":\"https:\\\/\\\/solidarites.ch\\\/vaud\\\/qui-sommes-nous\\\/#primaryimage\"},\"thumbnailUrl\":\"https:\\\/\\\/solidarites.ch\\\/vaud\\\/wp-content\\\/uploads\\\/2019\\\/12\\\/Manifestation-contre-le-glbal-commodities-summit-2018.jpg\",\"datePublished\":\"2019-12-19T17:49:37+00:00\",\"dateModified\":\"2019-12-19T17:51:29+00:00\",\"breadcrumb\":{\"@id\":\"https:\\\/\\\/solidarites.ch\\\/vaud\\\/qui-sommes-nous\\\/#breadcrumb\"},\"inLanguage\":\"fr-FR\",\"potentialAction\":[{\"@type\":\"ReadAction\",\"target\":[\"https:\\\/\\\/solidarites.ch\\\/vaud\\\/qui-sommes-nous\\\/\"]}]},{\"@type\":\"ImageObject\",\"inLanguage\":\"fr-FR\",\"@id\":\"https:\\\/\\\/solidarites.ch\\\/vaud\\\/qui-sommes-nous\\\/#primaryimage\",\"url\":\"https:\\\/\\\/solidarites.ch\\\/vaud\\\/wp-content\\\/uploads\\\/2019\\\/12\\\/Manifestation-contre-le-glbal-commodities-summit-2018.jpg\",\"contentUrl\":\"https:\\\/\\\/solidarites.ch\\\/vaud\\\/wp-content\\\/uploads\\\/2019\\\/12\\\/Manifestation-contre-le-glbal-commodities-summit-2018.jpg\"},{\"@type\":\"BreadcrumbList\",\"@id\":\"https:\\\/\\\/solidarites.ch\\\/vaud\\\/qui-sommes-nous\\\/#breadcrumb\",\"itemListElement\":[{\"@type\":\"ListItem\",\"position\":1,\"name\":\"Accueil\",\"item\":\"https:\\\/\\\/solidarites.ch\\\/vaud\\\/\"},{\"@type\":\"ListItem\",\"position\":2,\"name\":\"Qui sommes-nous?\"}]},{\"@type\":\"WebSite\",\"@id\":\"https:\\\/\\\/solidarites.ch\\\/vaud\\\/#website\",\"url\":\"https:\\\/\\\/solidarites.ch\\\/vaud\\\/\",\"name\":\"solidarit\u00e9S Vaud\",\"description\":\"Un mouvement &lt;br&gt;anticapitaliste, &lt;br&gt;f\u00e9ministe, &lt;br&gt;\u00e9cosocialiste et &lt;br&gt; antiraciste\",\"publisher\":{\"@id\":\"https:\\\/\\\/solidarites.ch\\\/vaud\\\/#organization\"},\"potentialAction\":[{\"@type\":\"SearchAction\",\"target\":{\"@type\":\"EntryPoint\",\"urlTemplate\":\"https:\\\/\\\/solidarites.ch\\\/vaud\\\/?s={search_term_string}\"},\"query-input\":{\"@type\":\"PropertyValueSpecification\",\"valueRequired\":true,\"valueName\":\"search_term_string\"}}],\"inLanguage\":\"fr-FR\"},{\"@type\":\"Organization\",\"@id\":\"https:\\\/\\\/solidarites.ch\\\/vaud\\\/#organization\",\"name\":\"solidarit\u00e9S Vaud\",\"url\":\"https:\\\/\\\/solidarites.ch\\\/vaud\\\/\",\"logo\":{\"@type\":\"ImageObject\",\"inLanguage\":\"fr-FR\",\"@id\":\"https:\\\/\\\/solidarites.ch\\\/vaud\\\/#\\\/schema\\\/logo\\\/image\\\/\",\"url\":\"https:\\\/\\\/solidarites.ch\\\/vaud\\\/wp-content\\\/uploads\\\/sites\\\/3\\\/2020\\\/01\\\/sol_VD_Pos_RVB.png\",\"contentUrl\":\"https:\\\/\\\/solidarites.ch\\\/vaud\\\/wp-content\\\/uploads\\\/sites\\\/3\\\/2020\\\/01\\\/sol_VD_Pos_RVB.png\",\"width\":1024,\"height\":409,\"caption\":\"solidarit\u00e9S Vaud\"},\"image\":{\"@id\":\"https:\\\/\\\/solidarites.ch\\\/vaud\\\/#\\\/schema\\\/logo\\\/image\\\/\"},\"sameAs\":[\"https:\\\/\\\/www.facebook.com\\\/solidarites.vaud\\\/\",\"https:\\\/\\\/x.com\\\/solidariteSvaud\",\"https:\\\/\\\/www.instagram.com\\\/solidarites_vaud\\\/\",\"https:\\\/\\\/www.youtube.com\\\/channel\\\/UCL1HKEFgISBtzQgDAlQKKIA\"]}]}<\/script>\n<!-- \/ Yoast SEO plugin. -->","yoast_head_json":{"title":"Qui sommes-nous? &#8211; solidarit\u00e9S Vaud","robots":{"index":"index","follow":"follow","max-snippet":"max-snippet:-1","max-image-preview":"max-image-preview:large","max-video-preview":"max-video-preview:-1"},"canonical":"https:\/\/solidarites.ch\/vaud\/qui-sommes-nous\/","og_locale":"fr_FR","og_type":"article","og_title":"Qui sommes-nous? &#8211; solidarit\u00e9S Vaud","og_description":"Solidarit\u00e9S est un mouvement politique anticapitaliste, f\u00e9ministe et \u00e9cosocialiste actif notamment \u00e0 Gen\u00e8ve, Vaud, Neuch\u00e2tel et Fribourg. Nous publions un bimensuel de 16 pages qui relate l\u2019actualit\u00e9 locale et internationale.\u00a0 Solidarit\u00e9S est un collectif compos\u00e9 de femmes et d\u2019hommes persuad\u00e9\u00b7e\u00b7s que la politique est \u00e0 la fois un champ de r\u00e9flexion et un terrain d\u2019action. &hellip; Continued","og_url":"https:\/\/solidarites.ch\/vaud\/qui-sommes-nous\/","og_site_name":"solidarit\u00e9S Vaud","article_publisher":"https:\/\/www.facebook.com\/solidarites.vaud\/","article_modified_time":"2019-12-19T17:51:29+00:00","og_image":[{"url":"https:\/\/solidarites.ch\/vaud\/wp-content\/uploads\/2019\/12\/Manifestation-contre-le-glbal-commodities-summit-2018.jpg","type":"","width":"","height":""}],"twitter_card":"summary_large_image","twitter_site":"@solidariteSvaud","twitter_misc":{"Dur\u00e9e de lecture estim\u00e9e":"2 minutes"},"schema":{"@context":"https:\/\/schema.org","@graph":[{"@type":"WebPage","@id":"https:\/\/solidarites.ch\/vaud\/qui-sommes-nous\/","url":"https:\/\/solidarites.ch\/vaud\/qui-sommes-nous\/","name":"Qui sommes-nous? &#8211; solidarit\u00e9S Vaud","isPartOf":{"@id":"https:\/\/solidarites.ch\/vaud\/#website"},"primaryImageOfPage":{"@id":"https:\/\/solidarites.ch\/vaud\/qui-sommes-nous\/#primaryimage"},"image":{"@id":"https:\/\/solidarites.ch\/vaud\/qui-sommes-nous\/#primaryimage"},"thumbnailUrl":"https:\/\/solidarites.ch\/vaud\/wp-content\/uploads\/2019\/12\/Manifestation-contre-le-glbal-commodities-summit-2018.jpg","datePublished":"2019-12-19T17:49:37+00:00","dateModified":"2019-12-19T17:51:29+00:00","breadcrumb":{"@id":"https:\/\/solidarites.ch\/vaud\/qui-sommes-nous\/#breadcrumb"},"inLanguage":"fr-FR","potentialAction":[{"@type":"ReadAction","target":["https:\/\/solidarites.ch\/vaud\/qui-sommes-nous\/"]}]},{"@type":"ImageObject","inLanguage":"fr-FR","@id":"https:\/\/solidarites.ch\/vaud\/qui-sommes-nous\/#primaryimage","url":"https:\/\/solidarites.ch\/vaud\/wp-content\/uploads\/2019\/12\/Manifestation-contre-le-glbal-commodities-summit-2018.jpg","contentUrl":"https:\/\/solidarites.ch\/vaud\/wp-content\/uploads\/2019\/12\/Manifestation-contre-le-glbal-commodities-summit-2018.jpg"},{"@type":"BreadcrumbList","@id":"https:\/\/solidarites.ch\/vaud\/qui-sommes-nous\/#breadcrumb","itemListElement":[{"@type":"ListItem","position":1,"name":"Accueil","item":"https:\/\/solidarites.ch\/vaud\/"},{"@type":"ListItem","position":2,"name":"Qui sommes-nous?"}]},{"@type":"WebSite","@id":"https:\/\/solidarites.ch\/vaud\/#website","url":"https:\/\/solidarites.ch\/vaud\/","name":"solidarit\u00e9S Vaud","description":"Un mouvement &lt;br&gt;anticapitaliste, &lt;br&gt;f\u00e9ministe, &lt;br&gt;\u00e9cosocialiste et &lt;br&gt; antiraciste","publisher":{"@id":"https:\/\/solidarites.ch\/vaud\/#organization"},"potentialAction":[{"@type":"SearchAction","target":{"@type":"EntryPoint","urlTemplate":"https:\/\/solidarites.ch\/vaud\/?s={search_term_string}"},"query-input":{"@type":"PropertyValueSpecification","valueRequired":true,"valueName":"search_term_string"}}],"inLanguage":"fr-FR"},{"@type":"Organization","@id":"https:\/\/solidarites.ch\/vaud\/#organization","name":"solidarit\u00e9S Vaud","url":"https:\/\/solidarites.ch\/vaud\/","logo":{"@type":"ImageObject","inLanguage":"fr-FR","@id":"https:\/\/solidarites.ch\/vaud\/#\/schema\/logo\/image\/","url":"https:\/\/solidarites.ch\/vaud\/wp-content\/uploads\/sites\/3\/2020\/01\/sol_VD_Pos_RVB.png","contentUrl":"https:\/\/solidarites.ch\/vaud\/wp-content\/uploads\/sites\/3\/2020\/01\/sol_VD_Pos_RVB.png","width":1024,"height":409,"caption":"solidarit\u00e9S Vaud"},"image":{"@id":"https:\/\/solidarites.ch\/vaud\/#\/schema\/logo\/image\/"},"sameAs":["https:\/\/www.facebook.com\/solidarites.vaud\/","https:\/\/x.com\/solidariteSvaud","https:\/\/www.instagram.com\/solidarites_vaud\/","https:\/\/www.youtube.com\/channel\/UCL1HKEFgISBtzQgDAlQKKIA"]}]}},"distributor_meta":false,"distributor_terms":false,"distributor_media":false,"distributor_original_site_name":"solidarit\u00e9S Vaud","distributor_original_site_url":"https:\/\/solidarites.ch\/vaud","push-errors":false,"_links":{"self":[{"href":"https:\/\/solidarites.ch\/vaud\/wp-json\/wp\/v2\/pages\/1885","targetHints":{"allow":["GET"]}}],"collection":[{"href":"https:\/\/solidarites.ch\/vaud\/wp-json\/wp\/v2\/pages"}],"about":[{"href":"https:\/\/solidarites.ch\/vaud\/wp-json\/wp\/v2\/types\/page"}],"author":[{"embeddable":true,"href":"https:\/\/solidarites.ch\/vaud\/wp-json\/wp\/v2\/users\/3"}],"replies":[{"embeddable":true,"href":"https:\/\/solidarites.ch\/vaud\/wp-json\/wp\/v2\/comments?post=1885"}],"version-history":[{"count":4,"href":"https:\/\/solidarites.ch\/vaud\/wp-json\/wp\/v2\/pages\/1885\/revisions"}],"predecessor-version":[{"id":1890,"href":"https:\/\/solidarites.ch\/vaud\/wp-json\/wp\/v2\/pages\/1885\/revisions\/1890"}],"wp:attachment":[{"href":"https:\/\/solidarites.ch\/vaud\/wp-json\/wp\/v2\/media?parent=1885"}],"curies":[{"name":"wp","href":"https:\/\/api.w.org\/{rel}","templated":true}]}}